{"id":270,"date":"2024-09-06T22:42:45","date_gmt":"2024-09-06T22:42:45","guid":{"rendered":"https:\/\/euinfo.rs\/plac4\/?page_id=270"},"modified":"2026-03-05T09:22:30","modified_gmt":"2026-03-05T09:22:30","slug":"about-the-project","status":"publish","type":"page","link":"https:\/\/euinfo.rs\/plac4\/en\/about-the-project\/","title":{"rendered":"About the project"},"content":{"rendered":"<p>[et_pb_section fb_built=&#8221;1&#8243; _builder_version=&#8221;4.27.4&#8243; _module_preset=&#8221;default&#8221; locked=&#8221;off&#8221; global_colors_info=&#8221;{}&#8221;][et_pb_row column_structure=&#8221;2_5,3_5&#8243; use_custom_gutter=&#8221;on&#8221; gutter_width=&#8221;2&#8243; _builder_version=&#8221;4.27.5&#8243; _module_preset=&#8221;default&#8221; width=&#8221;100%&#8221; max_width=&#8221;1280px&#8221; global_colors_info=&#8221;{}&#8221;][et_pb_column type=&#8221;2_5&#8243; _builder_version=&#8221;4.27.4&#8243; _module_preset=&#8221;default&#8221; global_colors_info=&#8221;{}&#8221;][et_pb_image src=&#8221;https:\/\/euinfo.rs\/plac4\/wp-content\/uploads\/2025\/11\/plac4-en-image.jpg&#8221; title_text=&#8221;plac4-en-image&#8221; _builder_version=&#8221;4.27.6&#8243; _module_preset=&#8221;default&#8221; hover_enabled=&#8221;0&#8243; global_colors_info=&#8221;{}&#8221; sticky_enabled=&#8221;0&#8243;][\/et_pb_image][\/et_pb_column][et_pb_column type=&#8221;3_5&#8243; _builder_version=&#8221;4.27.4&#8243; _module_preset=&#8221;default&#8221; global_colors_info=&#8221;{}&#8221;][et_pb_blurb icon_placement=&#8221;left&#8221; content_max_width=&#8221;100%&#8221; _builder_version=&#8221;4.27.5&#8243; _module_preset=&#8221;default&#8221; body_font_size=&#8221;15px&#8221; global_colors_info=&#8221;{}&#8221;]<\/p>\n<p><strong>Projekat \u201ePravna podr\u0161ka pregovorima\u201c (Policy and Legal Advice Centre \u2013 PLAC IV) predstavlja nastavak vi\u0161e od decenije duge podr\u0161ke Evropske unije procesu sveobuhvatnog uskla\u0111ivanja nacionalnog zakonodavstva Republike Srbije sa pravnim tekovinama Evropske unije<\/strong>. PLAC IV nije samo projekat &#8211; to je klju\u010dna investicija u budu\u0107nost Srbije, usmerena ka sna\u017enijem i prosperitetnijem \u010dlanstvu u Evropskoj uniji.<\/p>\n<p>PLAC IV kao projekat je dobro uigran mehanizam za pru\u017eanje ekspertske podr\u0161ke ministarstvima Vlade Republike Srbije i drugim dr\u017eavnim institucijama <strong>na uskla\u0111ivanju pravnog sistema Srbije sa evropskim standardima<\/strong>, putem unapre\u0111enja postoje\u0107eg i izrade novog zakonodavstva, ja\u010danju institucionalnih kapaciteta i pripremama srpskog pregovara\u010dkog tima za u\u010de\u0161\u0107e u pregovorima o pridru\u017eivanju EU sa Evropskom komisijom.<\/p>\n<p><strong>Op\u0161ti cilj projekta<\/strong> je usmeren na to da srpska administracija efikasno vodi pristupne pregovore i uspe\u0161no upravlja celokupnim procesom evropskih integracija i pretpristupne pomo\u0107i, koji vodi ka \u010dlanstvu u EU.<\/p>\n<p>[\/et_pb_blurb][\/et_pb_column][\/et_pb_row][et_pb_row use_custom_gutter=&#8221;on&#8221; gutter_width=&#8221;2&#8243; _builder_version=&#8221;4.27.5&#8243; _module_preset=&#8221;default&#8221; width=&#8221;100%&#8221; max_width=&#8221;1280px&#8221; global_colors_info=&#8221;{}&#8221;][et_pb_column type=&#8221;4_4&#8243; _builder_version=&#8221;4.27.4&#8243; _module_preset=&#8221;default&#8221; global_colors_info=&#8221;{}&#8221;][et_pb_blurb title=&#8221;Za\u0161to je ovo va\u017eno za svakog gra\u0111anina Srbije?&#8221; icon_placement=&#8221;left&#8221; content_max_width=&#8221;100%&#8221; _builder_version=&#8221;4.27.5&#8243; _module_preset=&#8221;default&#8221; header_font=&#8221;Roboto||||||||&#8221; header_font_size=&#8221;26px&#8221; header_line_height=&#8221;2em&#8221; body_font_size=&#8221;15px&#8221; body_ul_item_indent=&#8221;30px&#8221; header_font_size_tablet=&#8221;26px&#8221; header_font_size_phone=&#8221;26px&#8221; header_font_size_last_edited=&#8221;on|desktop&#8221; global_colors_info=&#8221;{}&#8221;]<\/p>\n<p>Da bi na\u0161a zemlja mogla da funkcioni\u0161e u skladu sa ostalim \u010dlanicama EU, mora po\u0161tovati odre\u0111ena pravila &#8211; standarde kvaliteta, sigurnosti i funkcionalnosti. PLAC IV upravo to radi za Srbiju. Uskla\u0111uje zakone i propise, otvaraju\u0107i vrata za:<\/p>\n<ul>\n<li><strong>Jednake uslove poslovanja<\/strong>: Doma\u0107e firme mogu se takmi\u010diti na evropskom tr\u017ei\u0161tu, donose\u0107i nove prilike za rast i razvoj.<\/li>\n<li><strong>Ja\u010da prava<\/strong>: Gra\u0111ani dobijaju bolju za\u0161titu potro\u0161a\u010da, ve\u0107a prava u oblasti za\u0161tite \u017eivotne sredine i sigurnije proizvode.<\/li>\n<li><strong>Ekonomski prosperitet<\/strong>: Olak\u0161ava se trgovina, privla\u010de se investicije i stvara se stabilnije poslovno okru\u017eenje.<\/li>\n<\/ul>\n<p>[\/et_pb_blurb][et_pb_blurb title=&#8221;Projektne aktivnosti&#8221; icon_placement=&#8221;left&#8221; content_max_width=&#8221;100%&#8221; _builder_version=&#8221;4.27.5&#8243; _module_preset=&#8221;default&#8221; header_font=&#8221;Roboto||||||||&#8221; header_font_size=&#8221;26px&#8221; header_line_height=&#8221;2em&#8221; body_font_size=&#8221;15px&#8221; body_ul_item_indent=&#8221;30px&#8221; header_font_size_tablet=&#8221;26px&#8221; header_font_size_phone=&#8221;26px&#8221; header_font_size_last_edited=&#8221;on|desktop&#8221; global_colors_info=&#8221;{}&#8221;]<\/p>\n<p>U praksi, ispred PLAC IV projekta nastupaju <strong>timovi doma\u0107ih i me\u0111unarodnih eksperata<\/strong> koji rade zajedno sa institucijama na izradi i unapre\u0111enju zakona, podzakonskih akata i drugih propisa, kao i strate\u0161kih dokumenata, akcionih planova i uputstava. Na ovaj na\u010din se obezbe\u0111uje kontinuirana stru\u010dnu podr\u0161ka dr\u017eavnim institucijama u procesu uskla\u0111ivanja nacionalnog zakonodavstva sa pravnim tekovinama Evropske unije.<\/p>\n<p>Pored normativne podr\u0161ke, projekat je sna\u017eno usmeren na <strong>ja\u010danje kapaciteta dr\u017eavne uprave za primenu uskla\u0111enih propisa u praksi.<\/strong> Kroz direktnu saradnju sa institucijama, PLAC IV poma\u017ee u identifikovanju potencijalnih izazova u sprovo\u0111enju novih zakonskih re\u0161enja i doprinosi uspostavljanju efikasnih koordinacionih mehanizama izme\u0111u nadle\u017enih organa.<\/p>\n<p>U cilju odr\u017eive i efikasne primene uskla\u0111enih propisa, sprovodi se <strong>procena efekata<\/strong> novih zakonskih re\u0161enja, kroz sagledavanje administrativnih, finansijskih i ekonomskih implikacija njihovog uskla\u0111ivanja sa pravom Evropske unije.<\/p>\n<p>Kako bi se <strong>podr\u017eao proces primene<\/strong>, a ne samo dono\u0161enje propisa, u okviru projekta se redovno organizuju <strong>okrugli stolovi, radionice i obuke<\/strong> namenjene dr\u017eavnim slu\u017ebenicima, poslovnoj i stru\u010dnoj javnosti. Ove aktivnosti omogu\u0107avaju bolje razumevanje izmena zakonodavstva i njihove prakti\u010dne primene u skladu sa EU regulativom.<\/p>\n<p>Projekat svojim aktivnostima pokriva 15 pregovara\u010dkih poglavlja, koja predstavljaju prioritetne oblasti za projektne aktivnosti:<\/p>\n<ul>\n<li>Poglavlje 1: Slobodno kretanje roba<\/li>\n<li>Poglavlje 3: Pravo poslovnog nastanjivanja i sloboda pru\u017eanja usluga<\/li>\n<li>Poglavlje 6: Pravo privrednih dru\u0161tava<\/li>\n<li>Poglavlje 8: Politika konkurencije<\/li>\n<li>Poglavlje 9: Finansijske usluge<\/li>\n<li>Poglavlje 10: Informaciono dru\u0161tvo i mediji<\/li>\n<li>Poglavlje 11: Poljoprivreda i ruralni razvoj<\/li>\n<li>Poglavlje 12: Bezbednost hrane, veterinarska i fitosanitarna politka<\/li>\n<li>Poglavlje 13: Ribarstvo<\/li>\n<li>Poglavlje 14: Transportna politika<\/li>\n<li>Poglavlje 15: Energetika<\/li>\n<li>Poglavlje 25: Nauka i istra\u017eivanje<\/li>\n<li>Poglavlje 27: \u017divotna sredina i klimatske promene<\/li>\n<li>Poglavlje 28: Za\u0161tita potro\u0161a\u010da i za\u0161tita zdravlja<\/li>\n<li>Poglavlje 32: Finansijski nadzor<\/li>\n<\/ul>\n<p><strong>Glavni korisnici<\/strong> projekta su Ministarstvo za evropske integracije i Pregovara\u010dki tim za pristupanje Republici Srbiji EU, dok <strong>horizontalno projekat aktivno sara\u0111uje<\/strong> sa svim resornim ministarstvima i institucijama zadu\u017eenim za uskla\u0111ivanje zakonodavstva u okviru svojih pregovara\u010dkih poglavlja.<\/p>\n<p>[\/et_pb_blurb][et_pb_blurb icon_placement=&#8221;left&#8221; content_max_width=&#8221;100%&#8221; _builder_version=&#8221;4.27.5&#8243; _module_preset=&#8221;default&#8221; header_font=&#8221;Roboto||||||||&#8221; header_font_size=&#8221;26px&#8221; header_line_height=&#8221;2em&#8221; body_font=&#8221;|600|||||||&#8221; body_font_size=&#8221;16px&#8221; body_ul_item_indent=&#8221;30px&#8221; background_color=&#8221;#ededed&#8221; custom_margin=&#8221;40px||||false|false&#8221; custom_padding=&#8221;40px|40px|40px|40px|true|true&#8221; header_font_size_tablet=&#8221;26px&#8221; header_font_size_phone=&#8221;26px&#8221; header_font_size_last_edited=&#8221;on|desktop&#8221; border_radii=&#8221;on|5px|5px|5px|5px&#8221; locked=&#8221;off&#8221; global_colors_info=&#8221;{}&#8221;]<\/p>\n<p><em>PLAC IV projekat je po\u010deo 1. juna \u00a02024. godine i traje 30 meseci. Bud\u017eet projekta je 2.393.800 evra. <\/em><\/p>\n<p><em>Projekat implementira IBF u konzorcijumu sa IRZ i NALED.<\/em><\/p>\n<p>[\/et_pb_blurb][\/et_pb_column][\/et_pb_row][\/et_pb_section]<\/p>\n","protected":false},"excerpt":{"rendered":"<p>Projekat \u201ePravna podr\u0161ka pregovorima\u201c (Policy and Legal Advice Centre \u2013 PLAC IV) predstavlja nastavak vi\u0161e od decenije duge podr\u0161ke Evropske unije procesu sveobuhvatnog uskla\u0111ivanja nacionalnog zakonodavstva Republike Srbije sa pravnim tekovinama Evropske unije. PLAC IV nije samo projekat &#8211; to je klju\u010dna investicija u budu\u0107nost Srbije, usmerena ka sna\u017enijem i prosperitetnijem \u010dlanstvu u Evropskoj uniji. [&hellip;]<\/p>\n","protected":false},"author":1,"featured_media":0,"parent":0,"menu_order":0,"comment_status":"closed","ping_status":"closed","template":"","meta":{"_et_pb_use_builder":"on","_et_pb_old_content":"","_et_gb_content_width":"","wp_popup_display_lightbox":0,"wp_popup_suppress":"","wp_popup_trigger":"","wp_popup_trigger_amount":0,"wp_popup_disable_on_mobile":false,"footnotes":""},"class_list":["post-270","page","type-page","status-publish","hentry"],"_links":{"self":[{"href":"https:\/\/euinfo.rs\/plac4\/wp-json\/wp\/v2\/pages\/270","targetHints":{"allow":["GET"]}}],"collection":[{"href":"https:\/\/euinfo.rs\/plac4\/wp-json\/wp\/v2\/pages"}],"about":[{"href":"https:\/\/euinfo.rs\/plac4\/wp-json\/wp\/v2\/types\/page"}],"author":[{"embeddable":true,"href":"https:\/\/euinfo.rs\/plac4\/wp-json\/wp\/v2\/users\/1"}],"replies":[{"embeddable":true,"href":"https:\/\/euinfo.rs\/plac4\/wp-json\/wp\/v2\/comments?post=270"}],"version-history":[{"count":4,"href":"https:\/\/euinfo.rs\/plac4\/wp-json\/wp\/v2\/pages\/270\/revisions"}],"predecessor-version":[{"id":1155,"href":"https:\/\/euinfo.rs\/plac4\/wp-json\/wp\/v2\/pages\/270\/revisions\/1155"}],"wp:attachment":[{"href":"https:\/\/euinfo.rs\/plac4\/wp-json\/wp\/v2\/media?parent=270"}],"curies":[{"name":"wp","href":"https:\/\/api.w.org\/{rel}","templated":true}]}}