{"id":14,"date":"2024-07-25T19:48:09","date_gmt":"2024-07-25T19:48:09","guid":{"rendered":"https:\/\/euinfo.rs\/plac4\/?page_id=14"},"modified":"2026-02-23T17:59:25","modified_gmt":"2026-02-23T17:59:25","slug":"nas-tim","status":"publish","type":"page","link":"https:\/\/euinfo.rs\/plac4\/nas-tim\/","title":{"rendered":"Na\u0161 tim"},"content":{"rendered":"<p>[et_pb_section fb_built=&#8221;1&#8243; _builder_version=&#8221;4.27.4&#8243; _module_preset=&#8221;default&#8221; locked=&#8221;off&#8221; global_colors_info=&#8221;{}&#8221; theme_builder_area=&#8221;post_content&#8221;][et_pb_row use_custom_gutter=&#8221;on&#8221; gutter_width=&#8221;2&#8243; _builder_version=&#8221;4.27.5&#8243; _module_preset=&#8221;default&#8221; width=&#8221;100%&#8221; max_width=&#8221;1280px&#8221; hover_enabled=&#8221;0&#8243; global_colors_info=&#8221;{}&#8221; theme_builder_area=&#8221;post_content&#8221; sticky_enabled=&#8221;0&#8243;][et_pb_column type=&#8221;4_4&#8243; _builder_version=&#8221;4.27.4&#8243; _module_preset=&#8221;default&#8221; global_colors_info=&#8221;{}&#8221; theme_builder_area=&#8221;post_content&#8221;][et_pb_blurb icon_placement=&#8221;left&#8221; content_max_width=&#8221;100%&#8221; _builder_version=&#8221;4.27.5&#8243; _module_preset=&#8221;default&#8221; header_font=&#8221;Roboto||||||||&#8221; header_font_size=&#8221;26px&#8221; header_line_height=&#8221;2em&#8221; body_font_size=&#8221;16px&#8221; body_ul_item_indent=&#8221;30px&#8221; hover_enabled=&#8221;0&#8243; header_font_size_tablet=&#8221;26px&#8221; header_font_size_phone=&#8221;26px&#8221; header_font_size_last_edited=&#8221;on|desktop&#8221; global_colors_info=&#8221;{}&#8221; theme_builder_area=&#8221;post_content&#8221; sticky_enabled=&#8221;0&#8243; module_class=&#8221;nastimpage&#8221;]<\/p>\n<p>Klju\u010dni operativni tim za PLAC IV projekta upravljanje projektom i koordinaciju saradnje sa korisni\u010dkim institucijama:<\/p>\n<p>[\/et_pb_blurb][et_pb_blurb icon_placement=&#8221;left&#8221; content_max_width=&#8221;100%&#8221; _builder_version=&#8221;4.27.5&#8243; _module_preset=&#8221;default&#8221; header_font=&#8221;Roboto|500|||||||&#8221; header_line_height=&#8221;2em&#8221; body_font_size=&#8221;16px&#8221; body_ul_item_indent=&#8221;30px&#8221; hover_enabled=&#8221;0&#8243; header_font_size_tablet=&#8221;26px&#8221; header_font_size_phone=&#8221;26px&#8221; header_font_size_last_edited=&#8221;on|desktop&#8221; global_colors_info=&#8221;{}&#8221; theme_builder_area=&#8221;post_content&#8221; sticky_enabled=&#8221;0&#8243; module_class=&#8221;nastimpage&#8221; custom_margin=&#8221;||25px||false|false&#8221; header_level=&#8221;h3&#8243; custom_css_free_form=&#8221;h3 {font-weight:600 !important;}&#8221;]<\/p>\n<h3>Matja\u017e Logar<\/h3>\n<p><em>Vo\u0111a tima (Team Leader)<\/em><br \/><span>\u2709 <\/span>logar@project.ibf.dev<\/p>\n<p>[\/et_pb_blurb][et_pb_blurb icon_placement=&#8221;left&#8221; content_max_width=&#8221;100%&#8221; _builder_version=&#8221;4.27.5&#8243; _module_preset=&#8221;default&#8221; header_font=&#8221;Roboto||||||||&#8221; header_font_size=&#8221;26px&#8221; header_line_height=&#8221;2em&#8221; body_font_size=&#8221;16px&#8221; body_ul_item_indent=&#8221;30px&#8221; hover_enabled=&#8221;0&#8243; header_font_size_tablet=&#8221;26px&#8221; header_font_size_phone=&#8221;26px&#8221; header_font_size_last_edited=&#8221;on|desktop&#8221; global_colors_info=&#8221;{}&#8221; theme_builder_area=&#8221;post_content&#8221; sticky_enabled=&#8221;0&#8243; module_class=&#8221;nastimpage&#8221;]<\/p>\n<h3>Dijana Markovi\u0107 Bajalovi\u0107<\/h3>\n<p><em>Klju\u010dni pravni ekspert<\/em><br \/><span>\u2709 <\/span>markovic@project.ibf.dev<\/p>\n<p>[\/et_pb_blurb][et_pb_blurb icon_placement=&#8221;left&#8221; content_max_width=&#8221;100%&#8221; _builder_version=&#8221;4.27.5&#8243; _module_preset=&#8221;default&#8221; header_font=&#8221;Roboto||||||||&#8221; header_font_size=&#8221;26px&#8221; header_line_height=&#8221;2em&#8221; body_font_size=&#8221;16px&#8221; body_ul_item_indent=&#8221;30px&#8221; hover_enabled=&#8221;0&#8243; header_font_size_tablet=&#8221;26px&#8221; header_font_size_phone=&#8221;26px&#8221; header_font_size_last_edited=&#8221;on|desktop&#8221; global_colors_info=&#8221;{}&#8221; theme_builder_area=&#8221;post_content&#8221; sticky_enabled=&#8221;0&#8243; module_class=&#8221;nastimpage&#8221;]<\/p>\n<h3>Aleksandra Ili\u0107<\/h3>\n<p><em>Office Manager<\/em><br \/><span>\u2709 <\/span>ilic@project.ibf.dev<\/p>\n<p>[\/et_pb_blurb][et_pb_blurb icon_placement=&#8221;left&#8221; content_max_width=&#8221;100%&#8221; _builder_version=&#8221;4.27.5&#8243; _module_preset=&#8221;default&#8221; header_font=&#8221;Roboto||||||||&#8221; header_font_size=&#8221;26px&#8221; header_line_height=&#8221;2em&#8221; body_font_size=&#8221;16px&#8221; body_ul_item_indent=&#8221;30px&#8221; hover_enabled=&#8221;0&#8243; header_font_size_tablet=&#8221;26px&#8221; header_font_size_phone=&#8221;26px&#8221; header_font_size_last_edited=&#8221;on|desktop&#8221; global_colors_info=&#8221;{}&#8221; theme_builder_area=&#8221;post_content&#8221; sticky_enabled=&#8221;0&#8243; module_class=&#8221;nastimpage&#8221;]<\/p>\n<h3>Aleksandar Vasi\u0107<\/h3>\n<p><em>Project Assistant<\/em><br \/><span>\u2709 <\/span>vasic@project.ibf.dev<\/p>\n<p>[\/et_pb_blurb][et_pb_blurb icon_placement=&#8221;left&#8221; content_max_width=&#8221;100%&#8221; _builder_version=&#8221;4.27.5&#8243; _module_preset=&#8221;default&#8221; header_font=&#8221;Roboto||||||||&#8221; header_font_size=&#8221;26px&#8221; header_line_height=&#8221;2em&#8221; body_font=&#8221;|600|||||||&#8221; body_font_size=&#8221;16px&#8221; body_ul_item_indent=&#8221;30px&#8221; background_color=&#8221;#ededed&#8221; custom_margin=&#8221;40px||||false|false&#8221; custom_padding=&#8221;40px|40px|40px|40px|true|true&#8221; hover_enabled=&#8221;0&#8243; header_font_size_tablet=&#8221;26px&#8221; header_font_size_phone=&#8221;26px&#8221; header_font_size_last_edited=&#8221;on|desktop&#8221; border_radii=&#8221;on|5px|5px|5px|5px&#8221; locked=&#8221;off&#8221; global_colors_info=&#8221;{}&#8221; theme_builder_area=&#8221;post_content&#8221; sticky_enabled=&#8221;0&#8243;]<\/p>\n<p><strong>Pored operativnog tima, PLAC IV projekat po potrebi anga\u017euje desetine doma\u0107ih i me\u0111unarodnih eksperata koji svojim ekspertizama dopunjuju rad projektnog tima, u skladu sa potrebama korisni\u010dkih institucija i temama koje proizilaze iz pregovara\u010dkih poglavlja.<\/strong><\/p>\n<p><em>Konkursi za otvorene pozicije redovno se objavljuju na stranici <a href=\"https:\/\/euinfo.rs\/plac4\/konkursi\/\"><strong>KONKURSI<\/strong><\/a>.<\/em><\/p>\n<p>[\/et_pb_blurb][\/et_pb_column][\/et_pb_row][\/et_pb_section]<\/p>\n","protected":false},"excerpt":{"rendered":"<p>Klju\u010dni operativni tim za PLAC IV projekta upravljanje projektom i koordinaciju saradnje sa korisni\u010dkim institucijama:Matja\u017e Logar Vo\u0111a tima (Team Leader)\u2709 logar@project.ibf.devDijana Markovi\u0107 Bajalovi\u0107 Klju\u010dni pravni ekspert\u2709 markovic@project.ibf.devAleksandra Ili\u0107 Office Manager\u2709 ilic@project.ibf.devAleksandar Vasi\u0107 Project Assistant\u2709 vasic@project.ibf.devPored operativnog tima, PLAC IV projekat po potrebi anga\u017euje desetine doma\u0107ih i me\u0111unarodnih eksperata koji svojim ekspertizama dopunjuju rad projektnog tima, [&hellip;]<\/p>\n","protected":false},"author":1,"featured_media":0,"parent":0,"menu_order":0,"comment_status":"closed","ping_status":"closed","template":"","meta":{"_et_pb_use_builder":"on","_et_pb_old_content":"","_et_gb_content_width":"","wp_popup_display_lightbox":0,"wp_popup_suppress":"","wp_popup_trigger":"","wp_popup_trigger_amount":0,"wp_popup_disable_on_mobile":false,"footnotes":""},"class_list":["post-14","page","type-page","status-publish","hentry"],"_links":{"self":[{"href":"https:\/\/euinfo.rs\/plac4\/wp-json\/wp\/v2\/pages\/14","targetHints":{"allow":["GET"]}}],"collection":[{"href":"https:\/\/euinfo.rs\/plac4\/wp-json\/wp\/v2\/pages"}],"about":[{"href":"https:\/\/euinfo.rs\/plac4\/wp-json\/wp\/v2\/types\/page"}],"author":[{"embeddable":true,"href":"https:\/\/euinfo.rs\/plac4\/wp-json\/wp\/v2\/users\/1"}],"replies":[{"embeddable":true,"href":"https:\/\/euinfo.rs\/plac4\/wp-json\/wp\/v2\/comments?post=14"}],"version-history":[{"count":8,"href":"https:\/\/euinfo.rs\/plac4\/wp-json\/wp\/v2\/pages\/14\/revisions"}],"predecessor-version":[{"id":1126,"href":"https:\/\/euinfo.rs\/plac4\/wp-json\/wp\/v2\/pages\/14\/revisions\/1126"}],"wp:attachment":[{"href":"https:\/\/euinfo.rs\/plac4\/wp-json\/wp\/v2\/media?parent=14"}],"curies":[{"name":"wp","href":"https:\/\/api.w.org\/{rel}","templated":true}]}}