{"id":8449,"date":"2016-12-01T15:37:42","date_gmt":"2016-12-01T15:37:42","guid":{"rendered":"http:\/\/euinfo.rs\/plac2\/?page_id=8449"},"modified":"2018-02-24T15:01:13","modified_gmt":"2018-02-24T14:01:13","slug":"poglavlje-15-energetika","status":"publish","type":"page","link":"http:\/\/euinfo.rs\/plac2\/eu-poglavlja\/poglavlje-15-energetika\/","title":{"rendered":"Poglavlje 15 &#8211; Energetika"},"content":{"rendered":"<p><div class=\"box box4\"><em>Izvor: <a href=\"http:\/\/kurs-pregovori.mei.gov.rs\/\" target=\"_blank\" rel=\"external nofollow\" target=\"_blank\" rel=\"noopener\" >Vodi\u010d kroz pregovore Srbije i Evropske unije<\/a>, <a href=\"http:\/\/www.seio.gov.rs\/%D0%BF%D0%BE%D1%87%D0%B5%D1%82%D0%BD%D0%B0.1.html\" target=\"_blank\" rel=\"external nofollow\" target=\"_blank\" rel=\"noopener\" >Ministarstvo za evropske integracije Vlade Republike Srbije<\/a><\/em><\/div><\/p>\n<h3>TEME POGLAVLJA I PREGOVORA<\/h3>\n<p>Sigurnost snabdevanja energentima garantuje se pravnim tekovinama EU kojima se dr\u017eave \u010dlanice obavezuju da dr\u017ee u propisanim zalihama odre\u0111ene kategorije naftnih proizvoda, kao i da o svim aktivnostima koje slu\u017ee ostvarenju navedenog cilja obave\u0161tavaju Evropsku komisiju. U godini 2013. donet je Zakon o robnim rezervama, koji je prethodno uskla\u0111ivan sa sekundarnim zakonodavstvom EU. Time je Republika Srbija ispunila deo obaveza prema Energetskoj zajednici. Kada resorno ministarstvo bude donelo podzakonske akte, nastavi\u0107e se uskla\u0111ivanje zakona u vezi s ovom obla\u0161\u0107u.<\/p>\n<p>Unutra\u0161nje tr\u017ei\u0161te elektri\u010dne energije i gasa potpuno je liberalizovano u EU 2007. godine, dok se kod nas o\u010dekuje dalja liberalizacija sprovo\u0111enjem Tre\u0107eg paketa propisa, koji je prenet u zakonodavni sistem RS. Propisi pozivaju na garantovanje univerzalnih usluga u sektoru energetike, kao i na adekvatnu za\u0161titu osetljivih korisnika u svim oblastima. Radi \u0161to boljeg funkcionisanja energetskog tr\u017ei\u0161ta, zahteva se uspostavljanje nezavisnih regulatornih tela i nezavisnih sistemskih operatera prenosa.<\/p>\n<p>U promovisanju obnovljivih izvora energije i energetske efikasnosti pravo EU propisuje proizvodnju i pobolj\u0161anje energetske efikasnosti kao oblasti koje \u0107e se pro\u017eimati. Prevashodno se isti\u010de energetska efikasnost kao oblast koja \u0107e obele\u017eiti sve energetske politike. Postavljaju se zahtevi ekolo\u0161kog dizajna i energetskih oznaka.<\/p>\n<p>Visok nivo nuklearne bezbednosti i za\u0161tite od rizika od izuzetne je va\u017enosti. Agencija za za\u0161titu od jonizuju\u0107ih zra\u010denja i nuklearnu sigurnost Srbije je regulatorno telo Republike Srbije osnovano u skladu s regulativom EU. Ta agencija postupa u skladu sa svojim nadle\u017enostima i reguli\u0161e ovu oblast. U Evropskoj uniji to je Euratom agencija za energetsko snabdevanje, koja ima ekskluzivna prava na zaklju\u010divanje ugovora o snabdevanju nuklearnim materijalima. U vezi s unutra\u0161njim energetskim tr\u017ei\u0161tem, posebno tr\u017ei\u0161tem elektri\u010dne energije i gasa, izazov za nas u predstoje\u0107em periodu predstavlja\u0107e sprovo\u0111enje zakonodavstva uskla\u0111enog s Tre\u0107im paketom propisa EU, koji se ti\u010de sekundarnog zakonodavstva (\u010dini ga set direktiva i uredbi u oblasti elektri\u010dne energije i gasa). Neki od ciljeva Tre\u0107eg paketa su stvaranje potpuno liberalizovanog tr\u017ei\u0161ta, postojanje jakih mera za\u0161tite potro\u0161a\u010da, potpuno nezavisnog regulatora i dobro razvijene i ure\u0111ene vlasni\u010dke mre\u017ee.<\/p>\n<h3>INSTITUCIJE KOJE U\u010cESTVUJU U PREGOVARA\u010cKOJ GRUPI ZA ENERGETIKU<\/h3>\n<p>Institucija koja je nosilac ove pregovara\u010dke grupe je Ministarstvo rudarstva i energetike i iz nje su imenovani predsednik, zamenik predsednika, sekretar i zamenik sekretara.<\/p>\n<p>Ostali \u010dlanovi pregovara\u010dke grupe su predstavnici: Ministarstva trgovine, turizma i telekomunikacija, Ministarstva prosvete, nauke i tehnolo\u0161kog razvoja, Ministarstva odbrane, Ministarstva finansija, Ministarstva poljoprivrede i za\u0161tite \u017eivotne sredine, Ministarstva gra\u0111evinarstva, saobra\u0107aja i infrastrukture, Ministarstva privrede, Ministarstva zdravlja, Instituta za standardizaciju, Agencije za energetiku, Agencije za za\u0161titu od jonizuju\u0107eg zra\u010denja i nuklearnu sigurnost, Komisije za za\u0161titu konkurencije, Republi\u010dke direkcije za robne rezerve, Republi\u010dkog zavoda za statistiku, Republi\u010dkog sekreterijata za zakonodavstvo i Kancelarije za evropske integracije.<\/p>\n<h3>KOJA JE KORIST ZA SRBIJU I KOJE REZULTATE TIME POSTI\u017dEMO?<\/h3>\n<p>Zna\u010daj oblasti energetike ogleda se u \u010dinjenici da je jo\u0161 2006. godine stupio na snagu Ugovor o osnivanju energetske zajednice i da je Republika Srbija od tada na izvestan na\u010din ve\u0107 u EU. Preko tela Energetske zajednice (EnZ) stalno se prati stepen uskla\u0111enosti propisa iz oblasti energetike s pravnim tekovinama EU i izve\u0161tava se o tome. Ugovor o osnivanju Energetske zajednice potvr\u0111en je Sporazumom o stabilizaciji i pridru\u017eivanju, kojim je istaknuta nu\u017enost regionalne saradnje u toj oblasti.<\/p>\n<p>Po\u0161to je glavni zadatak Ugovora o osnivanju Energetske zajednice stvaranje stabilnog pravnog, ekonomskog i energetskog okvira, Srbija \u0107e pristupanjem EU obezbediti sigurnost snabdevanja energijom, privu\u0107i \u0107e investicije u energetsku infrastrukturu, unapredi\u0107e za\u0161titu \u017eivotne sredine i stvoriti jedinstven regulatorni prostor za trgovinu energentima.<\/p>\n<p>S tim ciljem su uspostavljena tri nivoa obaveza:<\/p>\n<ul>\n<li>implementacija relevantnih pravnih tekovina Evropske unije (acquis communautaire) u energetici, za\u0161titi \u017eivotne sredine, kori\u0161\u0107enju obnovljivih izvora energije i<br \/>\nza\u0161titi konkurencije;<\/li>\n<li>uspostavljanje posebnog regulatornog okvira koji \u0107e omogu\u0107iti efikasno funkcionisanje tr\u017ei\u0161ta unutar Energetske zajednice i povezivanje s tr\u017ei\u0161tem Evropske unije i<\/li>\n<li>stvaranje tr\u017ei\u0161ta energije koja se prenosi mre\u017eama bez unutra\u0161njih granica, unutar kog \u0107e biti razvijena koordinacija uzajamne pomo\u0107i u slu\u010daju poreme\u0107aja u energetskim mre\u017eama ili spoljnih poreme\u0107aja i postoja\u0107e mogu\u0107nost stvaranja zajedni\u010dke politike trgovine energijom s u\u010desnicima na tr\u017ei\u0161tima van EU i Energetske zajednice.<\/li>\n<\/ul>\n<p>Oblasti rada Energetske zajednice su: staranje o ostvarivanju ugovornih obaveza, elektri\u010dna energija, gas, investicije, sigurnost snabdevanja, obnovljivi izvori energije, energetska efikasnost, za\u0161tita \u017eivotne sredine, konkurencija, socijalna pitanja, nafta, kao i re\u0161avanje sporova nastalih u vezi s Ugovorom. Radom tela EnZ Srbija uti\u010de na energetsku politiku regiona.<br \/>\n<div class=\"box box4\"><ul>\n<li>Eksplanatorni skrining za poglavlje 15 odr\u017ean je od 29. do 30. aprila 2014. godine.<\/li>\n<li>Bilateralni skrining za poglavlje 15 odr\u017ean je od 11. do 12. juna 2014. godine.<\/li>\n<\/ul><\/div><\/p>","protected":false},"excerpt":{"rendered":"<p>TEME POGLAVLJA I PREGOVORA Sigurnost snabdevanja energentima garantuje se pravnim tekovinama EU kojima se dr\u017eave \u010dlanice obavezuju da dr\u017ee u propisanim zalihama odre\u0111ene kategorije naftnih proizvoda, kao i da o svim aktivnostima koje slu\u017ee ostvarenju navedenog cilja obave\u0161tavaju Evropsku komisiju. U godini 2013. donet je Zakon o robnim rezervama, koji je prethodno uskla\u0111ivan sa sekundarnim [&hellip;]<\/p>\n","protected":false},"author":3,"featured_media":0,"parent":8442,"menu_order":0,"comment_status":"closed","ping_status":"closed","template":"","meta":[],"tags":[],"_links":{"self":[{"href":"http:\/\/euinfo.rs\/plac2\/wp-json\/wp\/v2\/pages\/8449"}],"collection":[{"href":"http:\/\/euinfo.rs\/plac2\/wp-json\/wp\/v2\/pages"}],"about":[{"href":"http:\/\/euinfo.rs\/plac2\/wp-json\/wp\/v2\/types\/page"}],"author":[{"embeddable":true,"href":"http:\/\/euinfo.rs\/plac2\/wp-json\/wp\/v2\/users\/3"}],"replies":[{"embeddable":true,"href":"http:\/\/euinfo.rs\/plac2\/wp-json\/wp\/v2\/comments?post=8449"}],"version-history":[{"count":0,"href":"http:\/\/euinfo.rs\/plac2\/wp-json\/wp\/v2\/pages\/8449\/revisions"}],"up":[{"embeddable":true,"href":"http:\/\/euinfo.rs\/plac2\/wp-json\/wp\/v2\/pages\/8442"}],"wp:attachment":[{"href":"http:\/\/euinfo.rs\/plac2\/wp-json\/wp\/v2\/media?parent=8449"}],"wp:term":[{"taxonomy":"post_tag","embeddable":true,"href":"http:\/\/euinfo.rs\/plac2\/wp-json\/wp\/v2\/tags?post=8449"}],"curies":[{"name":"wp","href":"https:\/\/api.w.org\/{rel}","templated":true}]}}