{"id":8448,"date":"2016-12-01T15:37:18","date_gmt":"2016-12-01T15:37:18","guid":{"rendered":"http:\/\/euinfo.rs\/plac2\/?page_id=8448"},"modified":"2018-02-24T15:01:06","modified_gmt":"2018-02-24T14:01:06","slug":"poglavlje-12-bezbednost-hrane-veterinarska-i-fitosanitarna-politika","status":"publish","type":"page","link":"http:\/\/euinfo.rs\/plac2\/eu-poglavlja\/poglavlje-12-bezbednost-hrane-veterinarska-i-fitosanitarna-politika\/","title":{"rendered":"Poglavlje 12 &#8211; Bezbednost hrane, veterinarska i fitosanitarna politika"},"content":{"rendered":"<p><div class=\"box box4\"><em>Izvor: <a href=\"http:\/\/kurs-pregovori.mei.gov.rs\/\" target=\"_blank\" rel=\"external nofollow\" target=\"_blank\" rel=\"noopener\" >Vodi\u010d kroz pregovore Srbije i Evropske unije<\/a>, <a href=\"http:\/\/www.seio.gov.rs\/%D0%BF%D0%BE%D1%87%D0%B5%D1%82%D0%BD%D0%B0.1.html\" target=\"_blank\" rel=\"external nofollow\" target=\"_blank\" rel=\"noopener\" >Ministarstvo za evropske integracije Vlade Republike Srbije<\/a><\/em><\/div><\/p>\n<h3>TEME POGLAVLJA I PREGOVORA<\/h3>\n<p>EU primenjuje integrisan pristup da bi obezbedila visok nivo javnog zdravlja, zdravlja \u017eivotinja, dobrobiti \u017eivotinja i zdravlja bilja. To se posti\u017ee primenom povezanih mera \u2013 od farme do trpeze, odnosno u celom lancu proizvodnje, prerade i distribucije hrane, sve do potro\u0161a\u010da \u2013 kao i odgovaraju\u0107im nadzorom koji sprovode nadle\u017eni organi. Time se obezbe\u0111uje visok nivo za\u0161tite \u017eivota i zdravlja ljudi kao jednih od osnovnih ciljeva politika EU. Istovremeno, potrebno je obezbediti efikasno funkcionisanje unutra\u0161njeg tr\u017ei\u0161ta EU, \u0161to je jedino mogu\u0107e ukoliko su standardi bezbednosti hrane i hrane za \u017eivotinje ujedna\u010deni i dosledno se primenjuju na celoj teritoriji EU<sup>26<\/sup>.<\/p>\n<p>Propisi poglavlja 12 izuzetno su brojni i obuhvataju: bezbednost hrane; veterinarsku politiku (kao \u0161to su zdravlje i dobrobit \u017eivotinja, identifikacija i registracija \u017eivotinja, kontrola ostataka veterinarskih lekova, nekomercijalno kretanje ku\u0107nih ljubimaca); stavljanje na tr\u017ei\u0161te hrane za ljude, hrane za \u017eivotinje i sporednih proizvoda \u017eivotinjskog porekla (u koje spadaju i obavezne kontrole); bezbednost hrane za \u017eivotinje (zasnovana na potpuno istim principima kao bezbednost hrane za ljude); fitosanitarnu politiku (kao \u0161to su kvalitet semena, sredstva za za\u0161titu bilja, \u0161tetni organizmi) i geneti\u010dki modifikovane organizme<sup>27<\/sup>. Da bi se uskladila sa standardima EU iz ove oblasti, Srbija treba da usvoji propise EU i obezbedi njihovu potpunu primenu, a pod \u010dime se podrazumeva da nadle\u017eni organi obavljaju inspekciju i nadzor, kao i da postoje potrebne laboratorije. Tako\u0111e, potrebno je obezbediti da subjekti u poslovanju s hranom (odnosno svi koji proizvode, prera\u0111uju, razme\u0161taju hranu ili su na neki drugi na\u010din uklju\u010deni u lanac proizvodnje hrane) budu dobro obu\u010deni i svesni svoje odgovornosti.<\/p>\n<p>Sistem bezbednosti hrane u EU zasnovan je na nekoliko na\u010dela: odgovornosti proizvo\u0111a\u010da (hrane za ljude, ali i hrane za \u017eivotinje); sledljivosti hrane (sposobnost da se hrana za ljude, hrana za \u017eivotinje, komponente hrane i \u017eivotinje prate kroz sve faze u lancu); primeni sistema analize rizika (da bi mere koje se primenjuju radi za\u0161tite zdravlja bile efikasne, proporcionalne i jasno usmerene), kao i primeni na\u010dela predostro\u017enosti kada je to neophodno (da bi se, u slu\u010daju da postoji rizik, koji jo\u0161 uvek nije nau\u010dno razja\u0161njen, obezbedio visok nivo za\u0161tite potro\u0161a\u010da u EU)<sup>28<\/sup>.<\/p>\n<h3>INSTITUCIJE KOJE U\u010cESTVUJU U PREGOVARA\u010cKOJ GRUPI ZA BEZBEDNOST HRANE, VETERINARSKU I FITOSANITARNU POLITIKU<\/h3>\n<p>Pregovara\u010dkom grupom za bezbednost hrane, veterinarska i fitosanitarna pitanja predsedava dr\u017eavni sekretar iz Ministarstva poljoprivrede i za\u0161tite \u017eivotne sredine<sup>29<\/sup>. Zamenik predsednika, sekretar i zamenik sekretara su predstavnici istog ministarstva. Ostali \u010dlanovi pregovara\u010dke grupe su predstavnici 14 dr\u017eavnih institucija: Ministarstva poljoprivrede i za\u0161tite \u017eivotne sredine, Ministarstva zdravlja, Ministarstva prosvete, nauke i tehnolo\u0161kog razvoja, Ministarstva rudarstva i energetike, Ministarstva finansija, Ministarstva privrede, Ministarstva trgovine, turizma i telekomunikacija, Ministarstva unutra\u0161njih poslova, Kancelarije za reviziju sistema upravljanja sredstvima Evropske unije, Republi\u010dkog zavoda za statistiku, Instituta za standardizaciju Srbije, Republi\u010dkog sekretarijata za zakonodavstvo, Agencije za lekove i medicinska sredstva Srbije, Zavoda za intelektualnu svojinu i Kancelarije za evropske integracije.<\/p>\n<p>Kao i u slu\u010daju drugih pregovara\u010dkih grupa, predsednik pregovara\u010dke grupe 12 mo\u017ee, ukoliko postoji potreba, da pozove predstavnike drugih organizacija da u\u010destvuju u radu pregovara\u010dke grupe.<\/p>\n<h3>KOJA JE KORIST ZA SRBIJU I KOJE REZULTATE TIME POSTI\u017dEMO?<\/h3>\n<p>Srbija ima obavezu da prihvati i u potpunosti primeni propise EU iz ove oblasti u trenutku pristupanja. Me\u0111utim, zbog zna\u010daja trgovinske razmene s EU, odnosno da bi mogla svoju hranu da izvozi na tr\u017ei\u0161te EU, Srbija ve\u0107 neko vreme prilago\u0111ava svoje standarde evropskim standardima. Srbija ne\u0107e morati da se odrekne svojih tradicionalnih proizvoda, kao \u0161to su sir ili kajmak. Ako se proizvode za potro\u0161nju u sopstvenom doma\u0107instvu, i dalje \u0107e se proizvoditi kao do sada, ali ukoliko se plasiraju na tr\u017ei\u0161te, mora\u0107e da zadovolje odre\u0111ene higijenske standarde radi za\u0161tite potro\u0161a\u010da. Srbija \u0107e kao rezultat procesa prilago\u0111avanja standardima EU, izme\u0111u ostalog, imati unapre\u0111ene objekte za proizvodnju i preradu mesa, unapre\u0111en uzgoj \u017eivotinja na farmama, vi\u0161e standarde kada je u pitanju dobrobit \u017eivotinja, kontrolisanu upotrebu pesticida u skladu sa standardima EU, pouzdan sistem nacionalnih laboratorija. Hrana koja se proizvodi u Srbiji ima\u0107e slobodan put do evropskih potro\u0161a\u010da, a doma\u0107im potro\u0161a\u010dima bi\u0107e garantovani isti visoki standardi bezbednosti hrane koju trenutno imaju evropski potro\u0161a\u010di.<br \/>\n<div class=\"box box4\"><ul>\n<li>Eksplanatorni skrining za Poglavlje 12 odr\u017ean je od 3. do 7. februara 2014. godine.<\/li>\n<li>Bilateralni skrining za Poglavlje 12 odr\u017ean je od 20. do 24. oktobra 2014. godine.<\/li>\n<\/ul><\/div><br \/>\n26 http:\/\/ec.europa.eu\/food\/safety\/index_en.htm<br \/>\n27 http:\/\/eur-lex.europa.eu\/summary\/chapter\/food_safety.html?root_default=SUM_1_CODED=30&amp;locale=en<br \/>\n28 http:\/\/ec.europa.eu\/food\/safety\/general_food_law\/principles\/index_en.htm<br \/>\n29 http:\/\/www.mpzzs.gov.rs\/<\/p>","protected":false},"excerpt":{"rendered":"<p>TEME POGLAVLJA I PREGOVORA EU primenjuje integrisan pristup da bi obezbedila visok nivo javnog zdravlja, zdravlja \u017eivotinja, dobrobiti \u017eivotinja i zdravlja bilja. To se posti\u017ee primenom povezanih mera \u2013 od farme do trpeze, odnosno u celom lancu proizvodnje, prerade i distribucije hrane, sve do potro\u0161a\u010da \u2013 kao i odgovaraju\u0107im nadzorom koji sprovode nadle\u017eni organi. Time [&hellip;]<\/p>\n","protected":false},"author":3,"featured_media":0,"parent":8442,"menu_order":0,"comment_status":"closed","ping_status":"closed","template":"","meta":[],"tags":[],"_links":{"self":[{"href":"http:\/\/euinfo.rs\/plac2\/wp-json\/wp\/v2\/pages\/8448"}],"collection":[{"href":"http:\/\/euinfo.rs\/plac2\/wp-json\/wp\/v2\/pages"}],"about":[{"href":"http:\/\/euinfo.rs\/plac2\/wp-json\/wp\/v2\/types\/page"}],"author":[{"embeddable":true,"href":"http:\/\/euinfo.rs\/plac2\/wp-json\/wp\/v2\/users\/3"}],"replies":[{"embeddable":true,"href":"http:\/\/euinfo.rs\/plac2\/wp-json\/wp\/v2\/comments?post=8448"}],"version-history":[{"count":0,"href":"http:\/\/euinfo.rs\/plac2\/wp-json\/wp\/v2\/pages\/8448\/revisions"}],"up":[{"embeddable":true,"href":"http:\/\/euinfo.rs\/plac2\/wp-json\/wp\/v2\/pages\/8442"}],"wp:attachment":[{"href":"http:\/\/euinfo.rs\/plac2\/wp-json\/wp\/v2\/media?parent=8448"}],"wp:term":[{"taxonomy":"post_tag","embeddable":true,"href":"http:\/\/euinfo.rs\/plac2\/wp-json\/wp\/v2\/tags?post=8448"}],"curies":[{"name":"wp","href":"https:\/\/api.w.org\/{rel}","templated":true}]}}