{"id":8447,"date":"2016-12-01T15:36:45","date_gmt":"2016-12-01T15:36:45","guid":{"rendered":"http:\/\/euinfo.rs\/plac2\/?page_id=8447"},"modified":"2018-02-24T15:01:01","modified_gmt":"2018-02-24T14:01:01","slug":"poglavlje-11-poljoprivreda-i-ruralni-razvoj","status":"publish","type":"page","link":"http:\/\/euinfo.rs\/plac2\/eu-poglavlja\/poglavlje-11-poljoprivreda-i-ruralni-razvoj\/","title":{"rendered":"Poglavlje 11 &#8211; Poljoprivreda i ruralni razvoj"},"content":{"rendered":"<p><div class=\"box box4\"><em>Izvor: <a href=\"http:\/\/kurs-pregovori.mei.gov.rs\/\" target=\"_blank\" rel=\"external nofollow\" target=\"_blank\" rel=\"noopener\" >Vodi\u010d kroz pregovore Srbije i Evropske unije<\/a>, <a href=\"http:\/\/www.seio.gov.rs\/%D0%BF%D0%BE%D1%87%D0%B5%D1%82%D0%BD%D0%B0.1.html\" target=\"_blank\" rel=\"external nofollow\" target=\"_blank\" rel=\"noopener\" >Ministarstvo za evropske integracije Vlade Republike Srbije<\/a><\/em><\/div><\/p>\n<h3>TEME POGLAVLJA I PREGOVORA<\/h3>\n<p>Zajedni\u010dka poljoprivredna politika EU jedna je od najzna\u010dajnijih oblasti, i to kako u pogledu broja propisa koji reguli\u0161u ovu oblast, tako i u pogledu udela poljoprivrednog bud\u017eeta u ukupnom bud\u017eetu Evropske unije. Naime, veli\u010dina bud\u017eeta Zajedni\u010dke poljoprivredne politike je veoma visoka i iznosi ne\u0161to manje od 40% ukupnog bud\u017eeta EU.<\/p>\n<p>Glavni cilj Zajedni\u010dke poljoprivredne politike je da se obezbedi stabilno snabdevanje tr\u017ei\u0161ta poljoprivrednim proizvodima po pristupa\u010dnim cenama, a \u0161to zna\u010di i odgovaraju\u0107i prihod za poljoprivredne proizvo\u0111a\u010de.<\/p>\n<p>Poseban izazov u procesu pregovora za Republiku Srbiju predstavlja to \u0161to se o\u010dekuju izvesne promene u okviru reformisane Zajedni\u010dke poljoprivredne politike EU za period 2014\u20132020, a kojima \u0107e administracija Srbije morati da se prilago\u0111ava \u201eu hodu\u201d.<\/p>\n<p>Pravne tekovine u oblasti poljoprivredne politike pregovara\u0107e se u vi\u0161e potpoglavlja. Okosnicu poljoprivredne politike EU \u010dini podela na dva stuba. Prvi stub \u010dine direktna pla\u0107anja i tr\u017ei\u0161ne intervencije, dok se drugi stub odnosi na politiku ruralnog razvoja. Direktna pla\u0107anja podrazumevaju da, uz po\u0161tovanje odre\u0111enih uslova (o\u010duvanje \u017eivotne sredine i zdravlja ljudi, bezbednost hrane, po\u0161tovanje dobrobiti \u017eivotinja, odr\u017eavanje zemlji\u0161ta u dobrom stanju), poljoprivrednici dobijaju podsticaje bez obzira na to kojom se vrstom proizvodnje bave. Cilj tih podsticaja je da se obezbedi stabilan prihod bez obzira na tr\u017ei\u0161nu nestalnost i finansiraju se iz Evropskog garantnog poljoprivrednog fonda, kao i tr\u017ei\u0161ne intervencije.<\/p>\n<p>Tr\u017ei\u0161ne intervencije odnose se na interventan otkup i druge oblike povla\u010denja proizvoda s tr\u017ei\u0161ta, podr\u0161ku proizvodnji odre\u0111enih proizvoda, sistem kvota (mleko i \u0161e\u0107er), podr\u0161ku proizvo\u0111a\u010dkim organizacijama (u sektoru vo\u0107arstva i povrtarstva). Neophodno je podvu\u0107i da u ovoj oblasti, kao i u oblasti direktnih pla\u0107anja, dr\u017eava \u010dlanica ne mo\u017ee imati svoje nacionalne mere, ve\u0107 je u pitanju politika na nivou Evropske unije.<\/p>\n<p>Ruralni razvoj obuhvata mere koje su neophodne za razvoj aktivnosti u ruralnim oblastima, a koje doprinose ja\u010danju konkurentnosti poljoprivrede i \u0161umarstva, pobolj\u0161anju biodiverziteta ruralnih podru\u010dja, unapre\u0111enju kvaliteta \u017eivota, kao i mere za podsticanje diverzifikacije ruralne ekonomije. Sredstva za ove mere obezbe\u0111uju se iz Evropskog fonda za ruralni razvoj.<\/p>\n<h3>INSTITUCIJE KOJE U\u010cESTVUJU U PREGOVARA\u010cKOJ GRUPI ZA POLJOPRIVREDU I RURALNI RAZVOJ<\/h3>\n<p>Klju\u010dna institucija, \u010diji dr\u017eavni sekretar predsedava Pregovara\u010dkom grupom za poljoprivredu i ruralni razvoj, jeste Ministarstvo poljoprivrede i za\u0161tite \u017eivotne sredine. Tako\u0111e su i zamenik predsednika, sekretar i zamenik sekretara iz tog ministarstva. Ostali \u010dlanovi pregovara\u010dke grupe za poljoprivredu i ruralni razvoj predstavljaju slede\u0107e institucije: Ministarstvo zdravlja, Ministarstvo rudarstva i energetike, Ministarstvo finansija, Ministarstvo trgovine, turizma i telekomunikacija, Republi\u010dki geodetski zavod, Institut za standardizaciju Srbije, Republi\u010dki zavod za statistiku, Zavod za intelektualnu svojinu, Republi\u010dki sekretarijat za zakonodavstvo, Republi\u010dki sekretarijat za javne politike, Kancelarija za reviziju sistema upravljanja sredstvima Evropske unije, Kancelarija za saradnju sa civilnim dru\u0161tvom, Tim za socijalno uklju\u010divanje i smanjenje siroma\u0161tva i Kancelarija za evropske integracije.<\/p>\n<h3>KOJA JE KORIST ZA SRBIJU I KOJE REZULTATE TIME POSTI\u017dEMO?<\/h3>\n<p>Rezultat uskla\u0111ivanja propisa Republike Srbije s propisima Evropske unije u oblasti poljoprivrede i ruralnog razvoja bi\u0107e pristup tr\u017ei\u0161tu EU s vi\u0161e od 500 miliona potro\u0161a\u010da, ure\u0111enost proizvodnje, prerade i prodaje poljoprivrednih proizvoda na zajedni\u010dkom tr\u017ei\u0161tu, kao i u tre\u0107im zemljama. \u010clanstvo u Evropskoj uniji omogu\u0107i\u0107e poljoprivrednicima kori\u0161\u0107enje sredstava iz fondova za poljoprivredu i ruralni razvoj, pobolj\u0161a\u0107e kvalitet proizvoda i samim tim znatno pove\u0107ati njihovu konkurentnost na tr\u017ei\u0161tu EU. Zbog svega navedenog pregovori u oblasti poljoprivrede i ruralnog razvoja bi\u0107e izuzetno zahtevni.<br \/>\n<div class=\"box box4\"><ul>\n<li>Eksplanatorni skrining za Poglavlje 12 odr\u017ean je od 18. do 20. marta 2014. godine.<\/li>\n<li>Bilateralni skrining za Poglavlje 12 odr\u017ean je od 14. do 16. maja 2014. godine.<\/li>\n<\/ul><\/div><\/p>","protected":false},"excerpt":{"rendered":"<p>TEME POGLAVLJA I PREGOVORA Zajedni\u010dka poljoprivredna politika EU jedna je od najzna\u010dajnijih oblasti, i to kako u pogledu broja propisa koji reguli\u0161u ovu oblast, tako i u pogledu udela poljoprivrednog bud\u017eeta u ukupnom bud\u017eetu Evropske unije. Naime, veli\u010dina bud\u017eeta Zajedni\u010dke poljoprivredne politike je veoma visoka i iznosi ne\u0161to manje od 40% ukupnog bud\u017eeta EU. Glavni [&hellip;]<\/p>\n","protected":false},"author":3,"featured_media":0,"parent":8442,"menu_order":0,"comment_status":"closed","ping_status":"closed","template":"","meta":[],"tags":[],"_links":{"self":[{"href":"http:\/\/euinfo.rs\/plac2\/wp-json\/wp\/v2\/pages\/8447"}],"collection":[{"href":"http:\/\/euinfo.rs\/plac2\/wp-json\/wp\/v2\/pages"}],"about":[{"href":"http:\/\/euinfo.rs\/plac2\/wp-json\/wp\/v2\/types\/page"}],"author":[{"embeddable":true,"href":"http:\/\/euinfo.rs\/plac2\/wp-json\/wp\/v2\/users\/3"}],"replies":[{"embeddable":true,"href":"http:\/\/euinfo.rs\/plac2\/wp-json\/wp\/v2\/comments?post=8447"}],"version-history":[{"count":0,"href":"http:\/\/euinfo.rs\/plac2\/wp-json\/wp\/v2\/pages\/8447\/revisions"}],"up":[{"embeddable":true,"href":"http:\/\/euinfo.rs\/plac2\/wp-json\/wp\/v2\/pages\/8442"}],"wp:attachment":[{"href":"http:\/\/euinfo.rs\/plac2\/wp-json\/wp\/v2\/media?parent=8447"}],"wp:term":[{"taxonomy":"post_tag","embeddable":true,"href":"http:\/\/euinfo.rs\/plac2\/wp-json\/wp\/v2\/tags?post=8447"}],"curies":[{"name":"wp","href":"https:\/\/api.w.org\/{rel}","templated":true}]}}