{"id":8446,"date":"2016-12-01T15:36:21","date_gmt":"2016-12-01T15:36:21","guid":{"rendered":"http:\/\/euinfo.rs\/plac2\/?page_id=8446"},"modified":"2018-02-24T14:57:59","modified_gmt":"2018-02-24T13:57:59","slug":"poglavlje-9-finansijske-usluge","status":"publish","type":"page","link":"http:\/\/euinfo.rs\/plac2\/eu-poglavlja\/poglavlje-9-finansijske-usluge\/","title":{"rendered":"Poglavlje 9 &#8211; Finansijske usluge"},"content":{"rendered":"<p><div class=\"box box4\"><em>Izvor: <a href=\"http:\/\/kurs-pregovori.mei.gov.rs\/\" target=\"_blank\" rel=\"external nofollow\" target=\"_blank\" rel=\"noopener\" >Vodi\u010d kroz pregovore Srbije i Evropske unije<\/a>, <a href=\"http:\/\/www.seio.gov.rs\/%D0%BF%D0%BE%D1%87%D0%B5%D1%82%D0%BD%D0%B0.1.html\" target=\"_blank\" rel=\"external nofollow\" target=\"_blank\" rel=\"noopener\" >Ministarstvo za evropske integracije Vlade Republike Srbije<\/a><\/em><\/div><\/p>\n<h3>TEME POGLAVLJA I PREGOVORA<\/h3>\n<p>Najva\u017eniji ciljevi pravnih tekovina Evropske unije u oblasti finansijskih usluga su obezbe\u0111ivanje finansijske stabilnosti, finansijske stabilnosti preduze\u0107a koja posluju u finansijskom sektoru i adekvatna za\u0161tita potro\u0161a\u010da, investitora i osiguranika. Pravne tekovine EU u oblasti finansijskih usluga obuhvataju oblasti bankarstva, osiguranja, reosiguranja, dobrovoljnih penzijskih fondova, tr\u017ei\u0161ta kapitala i infrastrukture finansijskog tr\u017ei\u0161ta, pravila za dobijanje dozvole, rad i nadzor finansijskih institucija i regulisanih tr\u017ei\u0161ta. Tako\u0111e, ure\u0111ena su i pitanja za\u0161tite potro\u0161a\u010da finansijskih usluga, kao i na\u010din saradnje tela zadu\u017eenih za nadzor finansijskog tr\u017ei\u0161ta. Finansijske institucije mogu da posluju \u0161irom EU u skladu sa \u201esistemom jedinstvenog paso\u0161a\u201d i s na\u010delom \u201ekontrole mati\u010dne zemlje\u201d, bilo uspostavljanjem filijala, bilo pru\u017eanjem prekograni\u010dnih usluga.<\/p>\n<p>U oblasti banaka i finansijskih konglomerata pravne tekovine EU utvr\u0111uju zahteve u vezi s odobravanjem, poslovanjem i prudencijalnim nadzorom kreditnih institucija, kao i zahteve u vezi s adekvatno\u0161\u0107u kapitala, a koji se odnose na kreditne institucije i investiciona dru\u0161tva. Pravne tekovine EU u ovoj oblasti tako\u0111e utvr\u0111uju pravila u vezi s dodatnim nadzorom finansijskih konglomerata i prihvatanjem, obavljanjem i prudencijalnim nadzorom poslovanja institucija za elektronski novac. Istovremeno, predvi\u0111ena su i pravila u odnosu na godi\u0161nje i konsolidovane finansijske izve\u0161taje banaka i drugih finansijskih institucija. One tako\u0111e uskla\u0111uju odre\u0111ene odredbe u vezi s reorganizacijom i likvidacijom kreditnih institucija koje imaju filijale u vi\u0161e dr\u017eava \u010dlanica. U oblasti osiguranja i penzija nekoliko direktiva utvr\u0111uje pravila koja se odnose na odobravanje, poslovanje i nadzor nad privrednim dru\u0161tvima za \u017eivotno i ne\u017eivotno osiguranje. Pravne tekovine EU utvr\u0111uju pravila za dodatni nadzor nad osiguravaju\u0107im grupama. Osim toga, direktivama se uspostavlja i nadzor nad reosigurava\u010dima od strane nadle\u017enih organa u svojoj \u201emati\u010dnoj dr\u017eavi\u201d, a zahvaljuju\u0107i kojem mogu da rade na prostoru EU.<\/p>\n<h3>INSTITUCIJE KOJE U\u010cESTVUJU U PREGOVARA\u010cKOJ GRUPI ZA FINANSIJSKE USLUGE<\/h3>\n<p>Za predsednika i sekretara pregovara\u010dke grupe imenuju se osobe zaposlene u Narodnoj banci Srbije, a za zamenika predsednika i zamenika sekretara imenuju se osobe zaposlene u Ministarstvu finansija.<\/p>\n<p>\u010clanovi pregovara\u010dke grupe su predstavnici slede\u0107ih organa i organizacija: Narodne banke Srbije, Ministarstva finansija, Ministarstva privrede, Ministarstva za rad, zapo\u0161ljavanje, bora\u010dka i socijalna pitanja, Komisije za hartije od vrednosti, Agencije za osiguranje depozita, Agencije za privredne registre, Republi\u010dkog sekretarijata za zakonodavstvo i Kancelarije za evropske integracije.<\/p>\n<h3>KOJA JE KORIST ZA SRBIJU I KOJE REZULTATE TIME POSTI\u017dEMO?<\/h3>\n<p>Potpunim uskla\u0111ivanjem zakonodavstva s pravnom tekovinom EU i njegovom pravilnom primenom stvaraju se preduslovi za visok stepen stabilnosti finansijskog sistema. Istovremeno, uti\u010de se na pobolj\u0161anje polo\u017eaja u\u010desnika na finansijskom tr\u017ei\u0161tu, kao i korisnika finansijskih usluga, a ure\u0111enjem pitanja obavljanja delatnosti u ovoj oblasti omogu\u0107ava se raznovrsnija ponuda usluga na tr\u017ei\u0161tu. S tim u vezi poseban segment \u010dini za\u0161tita potro\u0161a\u010da, koja se ogleda u njihovom informisanju o uslugama koje pru\u017eaju finansijske institucije, \u0161to, izme\u0111u ostalog, obuhvata i usluge u oblasti osiguranja, kredita ili platnog prometa.<br \/>\n<div class=\"box box4\"><ul>\n<li>Eksplanatorni skrining za Poglavlje 9 odr\u017ean je od 21. do 22. januara 2015. godine.<\/li>\n<li>Bilateralni skrining za Poglavlje 9 odr\u017ean je 17. marta 2015. godine.<\/li>\n<\/ul><\/div><\/p>","protected":false},"excerpt":{"rendered":"<p>TEME POGLAVLJA I PREGOVORA Najva\u017eniji ciljevi pravnih tekovina Evropske unije u oblasti finansijskih usluga su obezbe\u0111ivanje finansijske stabilnosti, finansijske stabilnosti preduze\u0107a koja posluju u finansijskom sektoru i adekvatna za\u0161tita potro\u0161a\u010da, investitora i osiguranika. Pravne tekovine EU u oblasti finansijskih usluga obuhvataju oblasti bankarstva, osiguranja, reosiguranja, dobrovoljnih penzijskih fondova, tr\u017ei\u0161ta kapitala i infrastrukture finansijskog tr\u017ei\u0161ta, pravila [&hellip;]<\/p>\n","protected":false},"author":3,"featured_media":0,"parent":8442,"menu_order":0,"comment_status":"closed","ping_status":"closed","template":"","meta":[],"tags":[],"_links":{"self":[{"href":"http:\/\/euinfo.rs\/plac2\/wp-json\/wp\/v2\/pages\/8446"}],"collection":[{"href":"http:\/\/euinfo.rs\/plac2\/wp-json\/wp\/v2\/pages"}],"about":[{"href":"http:\/\/euinfo.rs\/plac2\/wp-json\/wp\/v2\/types\/page"}],"author":[{"embeddable":true,"href":"http:\/\/euinfo.rs\/plac2\/wp-json\/wp\/v2\/users\/3"}],"replies":[{"embeddable":true,"href":"http:\/\/euinfo.rs\/plac2\/wp-json\/wp\/v2\/comments?post=8446"}],"version-history":[{"count":0,"href":"http:\/\/euinfo.rs\/plac2\/wp-json\/wp\/v2\/pages\/8446\/revisions"}],"up":[{"embeddable":true,"href":"http:\/\/euinfo.rs\/plac2\/wp-json\/wp\/v2\/pages\/8442"}],"wp:attachment":[{"href":"http:\/\/euinfo.rs\/plac2\/wp-json\/wp\/v2\/media?parent=8446"}],"wp:term":[{"taxonomy":"post_tag","embeddable":true,"href":"http:\/\/euinfo.rs\/plac2\/wp-json\/wp\/v2\/tags?post=8446"}],"curies":[{"name":"wp","href":"https:\/\/api.w.org\/{rel}","templated":true}]}}