{"id":8444,"date":"2016-12-01T15:35:43","date_gmt":"2016-12-01T15:35:43","guid":{"rendered":"http:\/\/euinfo.rs\/plac2\/?page_id=8444"},"modified":"2018-02-24T14:58:13","modified_gmt":"2018-02-24T13:58:13","slug":"poglavlje-4-sloboda-kretanja-kapitala","status":"publish","type":"page","link":"http:\/\/euinfo.rs\/plac2\/eu-poglavlja\/poglavlje-4-sloboda-kretanja-kapitala\/","title":{"rendered":"Poglavlje 4 &#8211; Sloboda kretanja kapitala"},"content":{"rendered":"<p><div class=\"box box4\"><em>Izvor: <a href=\"http:\/\/kurs-pregovori.mei.gov.rs\/\" target=\"_blank\" rel=\"external nofollow\" target=\"_blank\" rel=\"noopener\" >Vodi\u010d kroz pregovore Srbije i Evropske unije<\/a>, <a href=\"http:\/\/www.seio.gov.rs\/%D0%BF%D0%BE%D1%87%D0%B5%D1%82%D0%BD%D0%B0.1.html\" target=\"_blank\" rel=\"external nofollow\" target=\"_blank\" rel=\"noopener\" >Ministarstvo za evropske integracije Vlade Republike Srbije<\/a><\/em><\/div><\/p>\n<h3>TEME POGLAVLJA I PREGOVORA<\/h3>\n<p>Sloboda kretanja kapitala jedna je od \u010detiri slobode na kojima je zasnovano funkcionisanje unutra\u0161njeg tr\u017ei\u0161ta EU. Pregovori o pristupanju u ovom poglavlju pre svega se odnose na uskla\u0111ivanje propisa iz oblasti kretanja kapitala i teku\u0107ih pla\u0107anja, kao i na borbu protiv pranja novca i finansiranja terorizma.<\/p>\n<p>Pravne tekovine EU u ovoj oblasti zasnovane su na odredbama Ugovora o funkcionisanju EU, posebno na odredbama \u010dl. od 63. do 66. U oblasti slobodnog kretanja kapitala dr\u017eave \u010dlanice imaju obavezu da, uz neke izuzetke, uklone sva ograni\u010denja kretanju kapitala i unutar EU i izme\u0111u zemalja \u010dlanica i ostalih zemalja. Definicija razli\u010ditih tipova kretanja kapitala oslanja se na Prilog 1 Direktive 88\/361\/EEZ. U ovoj nomenklaturi kretanja kapitala klasifikovana su prema ekonomskoj prirodi aktive i pasive na koje se odnose i obuhvataju: direktna ulaganja, ulaganja u nekretnine (privatna lica kupuju zgrade i zemlji\u0161ta i grade zgrada za stvaranje dobiti ili li\u010dno kori\u0161\u0107enje; ova kategorija tako\u0111e obuhvata pravo na plodou\u017eivanje, olak\u0161ice i pravo na gradnju), transakcije hartijama od vrednosti kojima se uobi\u010dajeno trguje na tr\u017ei\u0161tu kapitala, transakcije udelima dru\u0161tava za zajedni\u010dka ulaganja, transakcije hartijama od vrednosti kojima se uobi\u010dajeno trguje na tr\u017ei\u0161tu novca, transakcije po teku\u0107im i depozitnim ra\u010dunima kod finansijskih institucija, kredite koji se odnose na komercijalne transakcije ili na pru\u017eanje usluga u kojima u\u010destvuje rezident, finansijske zajmove i kredite, jamstva, ostale garancije i pravo zaloge, transfere za izvr\u0161enje ugovora o osiguranju, kretanje li\u010dnog kapitala (npr., zajmovi, pokloni, nasledstvo), fizi\u010dki uvoz i izvoz finansijske imovine (npr., hartije od vrednosti, sredstva pla\u0107anja bilo koje vrste), ostala kretanja kapitala (npr., autorske naknade, od\u0161tete koje kada se mogu smatrati kapitalom).<\/p>\n<p>Pravnim tekovinama EU ure\u0111ena su i pitanja u vezi s uslugama pla\u0107anja na unutra\u0161njem tr\u017ei\u0161tu, a na taj na\u010din uspostavljena je i osnova za stvaranje \u0161ireg evropskog tr\u017ei\u0161ta za pla\u0107anje. Teku\u0107a pla\u0107anja odnose se na teku\u0107e poslove, odnosno poslove zaklju\u010dene izme\u0111u rezidenata i nerezidenata, a kojima u osnovi nije cilj prenos kapitala. Definisana su pravila povezana sa svim uslugama nacionalnih i prekograni\u010dnih pla\u0107anja u EU. Cilj je da prekograni\u010dna pla\u0107anja postanu laka, efikasna i sigurna kao \u201enacionalna\u201d unutar zemalja \u010dlanica, dok se istovremeno pobolj\u0161avaju prava korisnika na kori\u0161\u0107enje usluga pla\u0107anja.<\/p>\n<p>Tako\u0111e, nastoji se da se pobolj\u0161a konkurencija otvaranjem tr\u017ei\u0161ta pla\u0107anja ka novim u\u010desnicima, tako da se podsti\u010de pove\u0107anje efikasnosti i smanjenje tro\u0161kova, i uspostavlja se neophodna platforma za jedinstvenu zonu za pla\u0107anje u evrima. Osim toga, propisima Evropske unije o prekograni\u010dnom pla\u0107anju u EU otklanjaju se razlike u naplatama za prekograni\u010dna i nacionalna pla\u0107anja u evrima do odre\u0111enog iznosa. To se primenjuje na sva elektronska pla\u0107anja (prenose kredita, direktnih dugovnih salda, pla\u0107anja posredstvom debitnih i kreditnih kartica i podizanja gotovine na bankomatima). Primenom ovih pravila posti\u017ee se da potro\u0161a\u010da, koji obavlja prekograni\u010dno elektronsko pla\u0107anje u evrima, ta operacija ko\u0161ta isto kao kada obavlja odgovaraju\u0107e pla\u0107anje u evrima u svojoj zemlji \u010dlanici. Istovremeno, pravnim aktima EU ure\u0111ena su i pitanja o osnivanju, obavljanju delatnosti i nadzoru poslovanja institucija za elektronski novac.<\/p>\n<p>U oblasti spre\u010davanja pranja novca i finansiranja terorizma zahteva se od banaka i drugih ekonomskih operatera da identifikuju klijente i prijave odre\u0111ene transakcije, i to naro\u010dito kada se radi o predmetima velike vrednosti ili o velikim gotovinskim transakcijama. Klju\u010dni zahtev za borbu protiv finansijskog kriminala jeste delotvoran administrativan kapacitet i kapacitet za primenu propisa, uklju\u010duju\u0107i tu i saradnju organa koji obavljaju nadzor, organa koji sprovode zakone i tu\u017eila\u0161tva.<\/p>\n<h3>INSTITUCIJE KOJE U\u010cESTVUJU U PREGOVARA\u010cKOJ GRUPI ZA SLOBODNO KRETANJE KAPITALA<\/h3>\n<p>Za predsednika i sekretara pregovara\u010dke grupe imenuju se zaposleni u Ministarstvu finansija, a za zamenika predsednika i zamenika sekretara imenuju zaposleni u Narodnoj banci Srbije.<\/p>\n<p>\u010clanovi pregovara\u010dke grupe su predstavnici slede\u0107ih organa i organizacija:<br \/>\nMinistarstva finansija, Narodne banke Srbije, Ministarstva unutra\u0161njih poslova, Ministarstva gra\u0111evinarstva, saobra\u0107aja i infrastrukture, Ministarstva trgovine, turizma i telekomunikacija, Ministarstva privrede, Ministarstva poljoprivrede i za\u0161tite \u017eivotne sredine, Ministarstva pravde, Komisije za hartije od vrednosti, Republi\u010dkog sekretarijata za zakonodavstvo, Republi\u010dke direkcije za imovinu, Agencije za restituciju, Agencije za privatizaciju i Kancelarije za evropske integracije.<\/p>\n<h3>KOJA JE KORIST ZA SRBIJU I KOJE REZULTATE TIME POSTI\u017dEMO?<\/h3>\n<p>Da bi pristupila Evropskoj uniji, neophodno je da dr\u017eava ostvari potpunu liberalizaciju kapitalnih kretanja. Ta liberalizacija omogu\u0107ava, na primer, otvaranje ra\u010duna u inostranstvu, odobravanje kredita nerezidentima, uno\u0161enje i izno\u0161enje gotovog novca bez ograni\u010denja. Istovremeno, neophodno je obezbediti dr\u017eavljanima zemalja \u010dlanica Evropske unije isti tretman kao i doma\u0107im dr\u017eavljanima u pogledu sticanja prava svojine na nepokretnostima.<\/p>\n<p>\u010clanstvo u EU ima\u0107e odrazi\u0107e se na sve u\u010desnike finansijskih tr\u017ei\u0161ta, kao i za gra\u0111ane, preduzetnike, investitore, odnosno korisnike finansijskih usluga. U skladu s ukidanjem ograni\u010denja kretanja kapitala, gra\u0111ani dr\u017eave \u010dlanice i preduzetnici imaju ve\u0107e mogu\u0107nosti izbora finansijskih institucija s kojima \u017eele da posluju, na primer, u pogledu obavljanja platnog prometa. U oblasti borbe protiv pranja novca i finansiranja terorizma, uskla\u0111ivanjem s pravnim tekovinama Evropske unije uspostavlja se efektivan sistem, koji podrazumeva uklju\u010denost i saradnju vi\u0161e institucija, a sa ciljem borbe protiv pranja novca i finansiranja terorizma.<br \/>\n<div class=\"box box4\"><ul>\n<li>Eksplanatorni skrining za Poglavlje 4 odr\u017ean je 13. oktobra 2014. godine.<\/li>\n<li>Bilateralni skrining za Poglavlje 4 odr\u017ean je 15. decembra 2014. godine<\/li>\n<\/ul><\/div><\/p>","protected":false},"excerpt":{"rendered":"<p>TEME POGLAVLJA I PREGOVORA Sloboda kretanja kapitala jedna je od \u010detiri slobode na kojima je zasnovano funkcionisanje unutra\u0161njeg tr\u017ei\u0161ta EU. Pregovori o pristupanju u ovom poglavlju pre svega se odnose na uskla\u0111ivanje propisa iz oblasti kretanja kapitala i teku\u0107ih pla\u0107anja, kao i na borbu protiv pranja novca i finansiranja terorizma. Pravne tekovine EU u ovoj [&hellip;]<\/p>\n","protected":false},"author":3,"featured_media":0,"parent":8442,"menu_order":0,"comment_status":"closed","ping_status":"closed","template":"","meta":[],"tags":[],"_links":{"self":[{"href":"http:\/\/euinfo.rs\/plac2\/wp-json\/wp\/v2\/pages\/8444"}],"collection":[{"href":"http:\/\/euinfo.rs\/plac2\/wp-json\/wp\/v2\/pages"}],"about":[{"href":"http:\/\/euinfo.rs\/plac2\/wp-json\/wp\/v2\/types\/page"}],"author":[{"embeddable":true,"href":"http:\/\/euinfo.rs\/plac2\/wp-json\/wp\/v2\/users\/3"}],"replies":[{"embeddable":true,"href":"http:\/\/euinfo.rs\/plac2\/wp-json\/wp\/v2\/comments?post=8444"}],"version-history":[{"count":0,"href":"http:\/\/euinfo.rs\/plac2\/wp-json\/wp\/v2\/pages\/8444\/revisions"}],"up":[{"embeddable":true,"href":"http:\/\/euinfo.rs\/plac2\/wp-json\/wp\/v2\/pages\/8442"}],"wp:attachment":[{"href":"http:\/\/euinfo.rs\/plac2\/wp-json\/wp\/v2\/media?parent=8444"}],"wp:term":[{"taxonomy":"post_tag","embeddable":true,"href":"http:\/\/euinfo.rs\/plac2\/wp-json\/wp\/v2\/tags?post=8444"}],"curies":[{"name":"wp","href":"https:\/\/api.w.org\/{rel}","templated":true}]}}