{"id":8351,"date":"2016-11-30T15:48:39","date_gmt":"2016-11-30T15:48:39","guid":{"rendered":"http:\/\/euinfo.rs\/plac2\/?page_id=8351"},"modified":"2017-09-05T09:53:01","modified_gmt":"2017-09-05T08:53:01","slug":"nas-tim","status":"publish","type":"page","link":"http:\/\/euinfo.rs\/plac2\/nas-tim\/","title":{"rendered":"Na\u0161 tim"},"content":{"rendered":"<p><\/p>\n<h3>Mojca Gro\u0161elj<\/h3>\n<p>Vo\u0111a tima<br \/>\nE-mail:\u00a0<a href=\"mailto:&#x6d;&#x6f;&#x6a;&#x63;&#x61;&#x2e;&#x67;&#x72;&#x6f;&#x73;&#x65;&#x6c;&#x6a;&#x40;&#x61;&#x6c;&#x74;&#x61;&#x69;&#x72;&#x61;&#x73;&#x65;&#x73;&#x6f;&#x72;&#x65;&#x73;&#x2e;&#x65;&#x73;\" target=\"_blank\">&#x6d;&#x6f;&#x6a;&#x63;&#x61;&#x2e;&#x67;&#x72;&#x6f;&#x73;&#x65;&#x6c;&#x6a;&#x40;<span class=\"oe_displaynone\">null<\/span>&#x61;&#x6c;&#x74;&#x61;&#x69;&#x72;&#x61;&#x73;&#x65;&#x73;&#x6f;&#x72;&#x65;&#x73;&#x2e;&#x65;&#x73;<\/a><\/p>\n<h3>Nata\u0161a \u0160ari\u0107 Maloseja<\/h3>\n<p>Pravni ekspert<br \/>\nE-mail:\u00a0<a href=\"mailto:&#x6e;&#x61;&#x74;&#x61;&#x73;&#x61;&#x2e;&#x73;&#x61;&#x72;&#x69;&#x63;&#x40;&#x61;&#x6c;&#x74;&#x61;&#x69;&#x72;&#x61;&#x73;&#x65;&#x73;&#x6f;&#x72;&#x65;&#x73;&#x2e;&#x65;&#x73;\" target=\"_blank\">&#x6e;&#x61;&#x74;&#x61;&#x73;&#x61;&#x2e;&#x73;&#x61;&#x72;&#x69;&#x63;&#x40;<span class=\"oe_displaynone\">null<\/span>&#x61;&#x6c;&#x74;&#x61;&#x69;&#x72;&#x61;&#x73;&#x65;&#x73;&#x6f;&#x72;&#x65;&#x73;&#x2e;&#x65;&#x73;<\/a><\/p>\n<h3>Aleksandra \u00a0Ili\u0107<\/h3>\n<p>Menad\u017eer kancelarije<br \/>\nE-mail:\u00a0<a href=\"mailto:&#x61;&#x6c;&#x65;&#x6b;&#x73;&#x61;&#x6e;&#x64;&#x72;&#x61;&#x2e;&#x69;&#x6c;&#x69;&#x63;&#x40;&#x61;&#x6c;&#x74;&#x61;&#x69;&#x72;&#x61;&#x73;&#x65;&#x73;&#x6f;&#x72;&#x65;&#x73;&#x2e;&#x65;&#x73;\" target=\"_blank\">&#x61;&#x6c;&#x65;&#x6b;&#x73;&#x61;&#x6e;&#x64;&#x72;&#x61;&#x2e;&#x69;&#x6c;&#x69;&#x63;&#x40;<span class=\"oe_displaynone\">null<\/span>&#x61;&#x6c;&#x74;&#x61;&#x69;&#x72;&#x61;&#x73;&#x65;&#x73;&#x6f;&#x72;&#x65;&#x73;&#x2e;&#x65;&#x73;<\/a><\/p>\n<h3>Maja Milenkovi\u0107<\/h3>\n<p>Ekspert za komunikacije<br \/>\nE-mail:\u00a0<a href=\"mailto:&#x6d;&#x2e;&#x6d;&#x69;&#x6c;&#x65;&#x6e;&#x6b;&#x6f;&#x76;&#x69;&#x63;&#x40;&#x61;&#x6c;&#x74;&#x61;&#x69;&#x72;&#x61;&#x73;&#x65;&#x73;&#x6f;&#x72;&#x65;&#x73;&#x2e;&#x65;&#x73;\" target=\"_blank\">&#x6d;&#x2e;&#x6d;&#x69;&#x6c;&#x65;&#x6e;&#x6b;&#x6f;&#x76;&#x69;&#x63;&#x40;<span class=\"oe_displaynone\">null<\/span>&#x61;&#x6c;&#x74;&#x61;&#x69;&#x72;&#x61;&#x73;&#x65;&#x73;&#x6f;&#x72;&#x65;&#x73;&#x2e;&#x65;&#x73;<\/a><\/p>\n<h3>Ksenija Jaukovi\u0107<\/h3>\n<p>Asistent<br \/>\nE-mail:\u00a0<a href=\"mailto:&#x6b;&#x2e;&#x6a;&#x61;&#x75;&#x6b;&#x6f;&#x76;&#x69;&#x63;&#x40;&#x61;&#x6c;&#x74;&#x61;&#x69;&#x72;&#x61;&#x73;&#x65;&#x73;&#x6f;&#x72;&#x65;&#x73;&#x2e;&#x65;&#x73;\" target=\"_blank\">&#x6b;&#x2e;&#x6a;&#x61;&#x75;&#x6b;&#x6f;&#x76;&#x69;&#x63;&#x40;<span class=\"oe_displaynone\">null<\/span>&#x61;&#x6c;&#x74;&#x61;&#x69;&#x72;&#x61;&#x73;&#x65;&#x73;&#x6f;&#x72;&#x65;&#x73;&#x2e;&#x65;&#x73;<\/a><\/p>","protected":false},"excerpt":{"rendered":"<p>Mojca Gro\u0161elj Vo\u0111a tima E-mail:\u00a0&#x6d;&#x6f;&#x6a;&#x63;&#x61;&#x2e;&#x67;&#x72;&#x6f;&#x73;&#x65;&#x6c;&#x6a;&#x40;null&#x61;&#x6c;&#x74;&#x61;&#x69;&#x72;&#x61;&#x73;&#x65;&#x73;&#x6f;&#x72;&#x65;&#x73;&#x2e;&#x65;&#x73; Nata\u0161a \u0160ari\u0107 Maloseja Pravni ekspert E-mail:\u00a0&#x6e;&#x61;&#x74;&#x61;&#x73;&#x61;&#x2e;&#x73;&#x61;&#x72;&#x69;&#x63;&#x40;null&#x61;&#x6c;&#x74;&#x61;&#x69;&#x72;&#x61;&#x73;&#x65;&#x73;&#x6f;&#x72;&#x65;&#x73;&#x2e;&#x65;&#x73; Aleksandra \u00a0Ili\u0107 Menad\u017eer kancelarije E-mail:\u00a0&#x61;&#x6c;&#x65;&#x6b;&#x73;&#x61;&#x6e;&#x64;&#x72;&#x61;&#x2e;&#x69;&#x6c;&#x69;&#x63;&#x40;null&#x61;&#x6c;&#x74;&#x61;&#x69;&#x72;&#x61;&#x73;&#x65;&#x73;&#x6f;&#x72;&#x65;&#x73;&#x2e;&#x65;&#x73; Maja Milenkovi\u0107 Ekspert za komunikacije E-mail:\u00a0&#x6d;&#x2e;&#x6d;&#x69;&#x6c;&#x65;&#x6e;&#x6b;&#x6f;&#x76;&#x69;&#x63;&#x40;null&#x61;&#x6c;&#x74;&#x61;&#x69;&#x72;&#x61;&#x73;&#x65;&#x73;&#x6f;&#x72;&#x65;&#x73;&#x2e;&#x65;&#x73; Ksenija Jaukovi\u0107 Asistent E-mail:\u00a0&#x6b;&#x2e;&#x6a;&#x61;&#x75;&#x6b;&#x6f;&#x76;&#x69;&#x63;&#x40;null&#x61;&#x6c;&#x74;&#x61;&#x69;&#x72;&#x61;&#x73;&#x65;&#x73;&#x6f;&#x72;&#x65;&#x73;&#x2e;&#x65;&#x73;<\/p>\n","protected":false},"author":3,"featured_media":0,"parent":0,"menu_order":0,"comment_status":"closed","ping_status":"closed","template":"","meta":[],"tags":[],"_links":{"self":[{"href":"http:\/\/euinfo.rs\/plac2\/wp-json\/wp\/v2\/pages\/8351"}],"collection":[{"href":"http:\/\/euinfo.rs\/plac2\/wp-json\/wp\/v2\/pages"}],"about":[{"href":"http:\/\/euinfo.rs\/plac2\/wp-json\/wp\/v2\/types\/page"}],"author":[{"embeddable":true,"href":"http:\/\/euinfo.rs\/plac2\/wp-json\/wp\/v2\/users\/3"}],"replies":[{"embeddable":true,"href":"http:\/\/euinfo.rs\/plac2\/wp-json\/wp\/v2\/comments?post=8351"}],"version-history":[{"count":1,"href":"http:\/\/euinfo.rs\/plac2\/wp-json\/wp\/v2\/pages\/8351\/revisions"}],"predecessor-version":[{"id":8352,"href":"http:\/\/euinfo.rs\/plac2\/wp-json\/wp\/v2\/pages\/8351\/revisions\/8352"}],"wp:attachment":[{"href":"http:\/\/euinfo.rs\/plac2\/wp-json\/wp\/v2\/media?parent=8351"}],"wp:term":[{"taxonomy":"post_tag","embeddable":true,"href":"http:\/\/euinfo.rs\/plac2\/wp-json\/wp\/v2\/tags?post=8351"}],"curies":[{"name":"wp","href":"https:\/\/api.w.org\/{rel}","templated":true}]}}