{"id":8360,"date":"2016-12-01T10:24:28","date_gmt":"2016-12-01T10:24:28","guid":{"rendered":"http:\/\/euinfo.rs\/plac2\/?page_id=8360"},"modified":"2018-11-16T09:33:09","modified_gmt":"2018-11-16T08:33:09","slug":"iz-medija","status":"publish","type":"page","link":"http:\/\/euinfo.rs\/plac2\/en\/iz-medija\/","title":{"rendered":"In media"},"content":{"rendered":"<p><\/p>\n<ul>\n<li><img loading=\"lazy\" class=\"alignleft size-full\" src=\"http:\/\/euinfo.rs\/plac2\/wp-content\/uploads\/2018\/11\/rtv-novembar-2018.jpg\" alt=\"\" width=\"300\" height=\"200\" \/>09.11.2018.<br \/>\n<h4><a href=\"http:\/\/www.rtv.rs\/sr_lat\/politika\/zavrsen-projekat-eu-plak-ii-pravna-podrska-pregovorima_965610.html\" target=\"_blank\" rel=\"external nofollow\" target=\"_blank\" rel=\"noopener\" >Zavr\u0161en projekat EU PLAK II &#8211; pravna podr\u0161ka pregovorima<\/a><\/h4>\n<\/li>\n<li><img loading=\"lazy\" class=\"alignleft size-full\" src=\"http:\/\/euinfo.rs\/plac2\/wp-content\/uploads\/2018\/11\/nova-ekonomija.jpg\" alt=\"\" width=\"300\" height=\"200\" \/>24.10.2018.<br \/>\n<h4><a href=\"https:\/\/novaekonomija.rs\/vesti\/vesti-iz-zemlje\/bezbednost-hrane-je-va%C5%BEna-za-eu-prvenstveno-zbog-zdravlja-ljudi-i-%C5%BEivotinja\" target=\"_blank\" rel=\"external nofollow\" target=\"_blank\" rel=\"noopener\" >Bezbednost hrane je va\u017ena za EU prvenstveno zbog zdravlja ljudi i \u017eivotinja<\/a><\/h4>\n<\/li>\n<li><img loading=\"lazy\" class=\"alignleft size-full wp-image-8901\" src=\"http:\/\/euinfo.rs\/plac2\/wp-content\/uploads\/2018\/03\/poglavlje9-iz-medija-n1.jpg\" alt=\"\" width=\"300\" height=\"200\" \/>14.03.2018.<br \/>\n<h4><a href=\"http:\/\/rs.n1info.com\/a371756\/Biznis\/Skup-Reforme-za-stabilnost-finansija-i-raznovrsnije-trziste.html\" target=\"_blank\" rel=\"external nofollow\" target=\"_blank\" >\u010ceka se otvaranje Poglavlja 9 &#8211; za stabilnost finansija<\/a><\/h4>\n<\/li>\n<li><img loading=\"lazy\" class=\"alignleft size-full wp-image-8901\" src=\"http:\/\/euinfo.rs\/plac2\/wp-content\/uploads\/2018\/01\/danas-oktobar-2017.jpg\" alt=\"\" width=\"300\" height=\"200\" srcset=\"http:\/\/euinfo.rs\/plac2\/wp-content\/uploads\/2018\/01\/danas-oktobar-2017.jpg 300w, http:\/\/euinfo.rs\/plac2\/wp-content\/uploads\/2018\/01\/danas-oktobar-2017-180x120.jpg 180w\" sizes=\"(max-width: 300px) 100vw, 300px\" \/>03.10.2017.<br \/>\n<h4><a href=\"http:\/\/www.danas.rs\/drustvo.55.html?news_id=358310&#038;title=Priprema+pregovara\u010dke+pozicije+za+Poglavlje+28\" target=\"_blank\" rel=\"external nofollow\" >Priprema pregovara\u010dke pozicije za Poglavlje 28<\/a><\/h4>\n<\/li>\n<li><img loading=\"lazy\" class=\"alignleft\" src=\"http:\/\/euinfo.rs\/plac2\/wp-content\/uploads\/2017\/10\/rts-oktobar-2017.jpg\" alt=\"\" width=\"300\" height=\"200\" \/>03.10.2017.<br \/>\n<h4><a href=\"http:\/\/www.rts.rs\/page\/stories\/sr\/story\/125\/drustvo\/2891975\/pred-srbijom-jos-mnogo-zadataka-u-okviru-poglavlja-28.html\" target=\"_blank\" rel=\"external nofollow\" >Pred Srbijom jo\u0161 mnogo zadataka u okviru Poglavlja 28<\/a><\/h4>\n<\/li>\n<li><img loading=\"lazy\" class=\"alignleft wp-image-8741 size-full\" title=\"inmedia\" src=\"http:\/\/euinfo.rs\/plac2\/wp-content\/uploads\/2016\/12\/blic-poljoprivreda.jpg\" alt=\"\" width=\"300\" height=\"200\" srcset=\"http:\/\/euinfo.rs\/plac2\/wp-content\/uploads\/2016\/12\/blic-poljoprivreda.jpg 300w, http:\/\/euinfo.rs\/plac2\/wp-content\/uploads\/2016\/12\/blic-poljoprivreda-180x120.jpg 180w\" sizes=\"(max-width: 300px) 100vw, 300px\" \/>22.06.2017.<br \/>\n<h4><a href=\"http:\/\/www.blic.rs\/vesti\/ekonomija\/srbija-se-sprema-za-program-fondova-eu-za-poljoprivredu\/szpf9z2\" target=\"_blank\" rel=\"external nofollow\" >Srbija se sprema za program fondova EU za poljoprivredu<\/a><\/h4>\n<\/li>\n<li><img loading=\"lazy\" class=\"alignleft size-full wp-image-8662\" src=\"http:\/\/euinfo.rs\/plac2\/wp-content\/uploads\/2016\/12\/euractiv.jpg\" alt=\"\" width=\"300\" height=\"200\" srcset=\"http:\/\/euinfo.rs\/plac2\/wp-content\/uploads\/2016\/12\/euractiv.jpg 300w, http:\/\/euinfo.rs\/plac2\/wp-content\/uploads\/2016\/12\/euractiv-180x120.jpg 180w\" sizes=\"(max-width: 300px) 100vw, 300px\" \/>05.04.2017.<br \/>\n<h4><a href=\"http:\/\/www.euractiv.rs\/odrzivi-razvoj\/11199-gordijani-ekologija-se-mora-regulisati-prekogranino.html\" target=\"_blank\" rel=\"external nofollow\" >Gordijani: Ekologija se mora regulisati prekograni\u010dno<\/a><\/h4>\n<\/li>\n<li><img loading=\"lazy\" class=\"alignleft wp-image-8663 size-full\" src=\"http:\/\/euinfo.rs\/plac2\/wp-content\/uploads\/2016\/12\/mojkraj.jpg\" alt=\"\" width=\"300\" height=\"200\" srcset=\"http:\/\/euinfo.rs\/plac2\/wp-content\/uploads\/2016\/12\/mojkraj.jpg 300w, http:\/\/euinfo.rs\/plac2\/wp-content\/uploads\/2016\/12\/mojkraj-180x120.jpg 180w\" sizes=\"(max-width: 300px) 100vw, 300px\" \/>05.04.2017.<br \/>\n<h4><a href=\"http:\/\/pancevo.mojkraj.rs\/vesti\/drustvo\/item\/4863-brifing-za-medije-na-putu-ka-eu-poglavlje-27\" target=\"_blank\" rel=\"external nofollow\" >Brifing za medije \u201cNa putu ka EU \u2013 Poglavlje 27\u201d<\/a><\/h4>\n<\/li>\n<li><img loading=\"lazy\" class=\"inmedia wp-image-8532 size-medium alignleft\" src=\"http:\/\/euinfo.rs\/plac2\/wp-content\/uploads\/2016\/12\/euractiv-25112016-300x200.jpg\" width=\"300\" height=\"200\" srcset=\"http:\/\/euinfo.rs\/plac2\/wp-content\/uploads\/2016\/12\/euractiv-25112016.jpg 300w, http:\/\/euinfo.rs\/plac2\/wp-content\/uploads\/2016\/12\/euractiv-25112016-180x120.jpg 180w\" sizes=\"(max-width: 300px) 100vw, 300px\" \/>25.11.2016.<br \/>\n<h4><a href=\"http:\/\/www.euractiv.rs\/srbija-i-eu\/10712-plak-projekat-do-potpunog-usklaivanja-propisa-sa-eu.html\" target=\"_blank\" rel=\"external nofollow\" >Plak projekat &#8211; do potpunog uskla\u0111ivanja propisa sa EU<\/a><\/h4>\n<\/li>\n<li><img loading=\"lazy\" class=\"wp-image-8531 size-medium alignleft\" title=\"inmedia\" src=\"http:\/\/euinfo.rs\/plac2\/wp-content\/uploads\/2016\/12\/rts-25112016-300x200.jpg\" width=\"300\" height=\"200\" srcset=\"http:\/\/euinfo.rs\/plac2\/wp-content\/uploads\/2016\/12\/rts-25112016.jpg 300w, http:\/\/euinfo.rs\/plac2\/wp-content\/uploads\/2016\/12\/rts-25112016-180x120.jpg 180w\" sizes=\"(max-width: 300px) 100vw, 300px\" \/>25.11.2016.<br \/>\n<h4><a href=\"http:\/\/www.rts.rs\/page\/stories\/sr\/story\/9\/politika\/2539301\/benedikt-ubrzava-se-rad-u-pregovarackom-procesu.html\" target=\"_blank\" rel=\"external nofollow\" >Benedikt: Ubrzava se rad u pregovara\u010dkom procesu Srbije i EU<\/a><\/h4>\n<\/li>\n<\/ul>\n<p><\/p>","protected":false},"excerpt":{"rendered":"<p>09.11.2018. Zavr\u0161en projekat EU PLAK II &#8211; pravna podr\u0161ka pregovorima 24.10.2018. Bezbednost hrane je va\u017ena za EU prvenstveno zbog zdravlja ljudi i \u017eivotinja 14.03.2018. \u010ceka se otvaranje Poglavlja 9 &#8211; za stabilnost finansija 03.10.2017. Priprema pregovara\u010dke pozicije za Poglavlje 28 03.10.2017. Pred Srbijom jo\u0161 mnogo zadataka u okviru Poglavlja 28 22.06.2017. Srbija se sprema za [&hellip;]<\/p>\n","protected":false},"author":3,"featured_media":0,"parent":0,"menu_order":0,"comment_status":"closed","ping_status":"closed","template":"","meta":[],"tags":[],"_links":{"self":[{"href":"http:\/\/euinfo.rs\/plac2\/en\/wp-json\/wp\/v2\/pages\/8360"}],"collection":[{"href":"http:\/\/euinfo.rs\/plac2\/en\/wp-json\/wp\/v2\/pages"}],"about":[{"href":"http:\/\/euinfo.rs\/plac2\/en\/wp-json\/wp\/v2\/types\/page"}],"author":[{"embeddable":true,"href":"http:\/\/euinfo.rs\/plac2\/en\/wp-json\/wp\/v2\/users\/3"}],"replies":[{"embeddable":true,"href":"http:\/\/euinfo.rs\/plac2\/en\/wp-json\/wp\/v2\/comments?post=8360"}],"version-history":[{"count":0,"href":"http:\/\/euinfo.rs\/plac2\/en\/wp-json\/wp\/v2\/pages\/8360\/revisions"}],"wp:attachment":[{"href":"http:\/\/euinfo.rs\/plac2\/en\/wp-json\/wp\/v2\/media?parent=8360"}],"wp:term":[{"taxonomy":"post_tag","embeddable":true,"href":"http:\/\/euinfo.rs\/plac2\/en\/wp-json\/wp\/v2\/tags?post=8360"}],"curies":[{"name":"wp","href":"https:\/\/api.w.org\/{rel}","templated":true}]}}