{"id":8358,"date":"2016-12-01T10:23:54","date_gmt":"2016-12-01T10:23:54","guid":{"rendered":"http:\/\/euinfo.rs\/plac2\/?page_id=8358"},"modified":"2018-10-31T15:37:10","modified_gmt":"2018-10-31T14:37:10","slug":"dokumenti","status":"publish","type":"page","link":"http:\/\/euinfo.rs\/plac2\/en\/dokumenti\/","title":{"rendered":"Documents"},"content":{"rendered":"<p><\/p>\n<ul class=\"list list0\">\n<li><a href=\"http:\/\/euinfo.rs\/plac2\/wp-content\/uploads\/2016\/12\/PLAC-II-project-presentation.pdf\" target=\"_blank\" rel=\"noopener\" target=\"_blank\" rel=\"noopener\">PLAC II project presentation<\/a><\/li>\n<li><a href=\"http:\/\/euinfo.rs\/plac2\/wp-content\/uploads\/2017\/01\/PLAC-II-Novosti-No-1.pdf\" target=\"_blank\" rel=\"noopener\" target=\"_blank\" rel=\"noopener\">PLAC II Novosti No 1<\/a><\/li>\n<li><a href=\"http:\/\/euinfo.rs\/plac2\/wp-content\/uploads\/2017\/04\/PLAC-II-Novosti-No-2.pdf\" target=\"_blank\" rel=\"noopener\" target=\"_blank\" rel=\"noopener\">PLAC II Novosti No 2<\/a><\/li>\n<li><a href=\"http:\/\/euinfo.rs\/plac2\/wp-content\/uploads\/2017\/07\/PLAC-II-Novosti-No-3.pdf\" target=\"_blank\" rel=\"noopener\" target=\"_blank\" rel=\"noopener\">PLAC II Novosti No 3<\/a><\/li>\n<li><a href=\"http:\/\/euinfo.rs\/plac2\/wp-content\/uploads\/2017\/07\/PLAC-II-infografik-EN-24072017.png\" target=\"_blank\" rel=\"noopener\" target=\"_blank\" rel=\"noopener\">Infographic July 2017<\/a><\/li>\n<li><a href=\"http:\/\/euinfo.rs\/plac2\/wp-content\/uploads\/2017\/10\/PLAC-II-Novosti-No-4.pdf\" target=\"_blank\" rel=\"noopener\" target=\"_blank\" rel=\"noopener\">PLAC II Novosti No 4<\/a><\/li>\n<li><a href=\"http:\/\/euinfo.rs\/plac2\/wp-content\/uploads\/2018\/01\/PLAC-II-Novosti-No-5.pdf\" target=\"_blank\" rel=\"noopener\" target=\"_blank\" rel=\"noopener\">PLAC II Novosti No 5<\/a><\/li>\n<li><a href=\"http:\/\/euinfo.rs\/plac2\/wp-content\/uploads\/2018\/04\/PLAC-II-Novosti-No-6.pdf\" target=\"_blank\" rel=\"noopener\" target=\"_blank\" rel=\"noopener\">PLAC II Novosti No 6<\/a><\/li>\n<li><a href=\"http:\/\/euinfo.rs\/plac2\/wp-content\/uploads\/2018\/07\/PLAC-II-Novosti-No-7.pdf\" target=\"_blank\" rel=\"noopener\" target=\"_blank\" rel=\"noopener\">PLAC II Novosti No 7<\/a><\/li>\n<li><a href=\"http:\/\/euinfo.rs\/plac2\/wp-content\/uploads\/2018\/10\/PLAC-II-Novosti-No-8.pdf\" target=\"_blank\" rel=\"noopener\" target=\"_blank\" rel=\"noopener\">PLAC II Novosti No 8<\/a><\/li>\n<\/ul>\n<h3>Chapter 4<\/h3>\n<ul class=\"list list0\">\n<li><a href=\"http:\/\/euinfo.rs\/plac2\/wp-content\/uploads\/2017\/05\/2017-04-28_Barnes_final.pdf\" target=\"_blank\" rel=\"noopener noreferrer\" target=\"_blank\" rel=\"noopener noreferrer\">Implications of further liberalisation of capital movements on the Serbian system for prevention of money laundering and terrorist financing including examples of EU member states&#8217; experiences<\/a><\/li>\n<li><a href=\"http:\/\/euinfo.rs\/plac2\/wp-content\/uploads\/2017\/05\/2017-04-28-Masouros-PLAC-II-AML-JNKE-presentation.pdf\" target=\"_blank\" rel=\"noopener noreferrer\" target=\"_blank\" rel=\"noopener noreferrer\">EXAMPLES OF EXPERIENCES FROM MSs IN TRANSPOSING THE 4TH AML DIRECTIVE &amp; CROSS-CUTTING ISSUES RE: AML\/CFT IN THE NEGOTIATING CHAPTERS<\/a><\/li>\n<\/ul>\n<h3>Chapter 9<\/h3>\n<ul class=\"list list0\">\n<li><a href=\"http:\/\/euinfo.rs\/plac2\/wp-content\/uploads\/2018\/03\/MB-Poglavlje-9.pdf\" >Na putu ka EU Poglavlje 9 &#8211; Finansijske usluge &#8211; MIFID II<\/a><\/li>\n<\/ul>\n<h3>Chapter 11<\/h3>\n<ul class=\"list list0\">\n<li><a href=\"http:\/\/euinfo.rs\/plac2\/wp-content\/uploads\/2017\/03\/ipard.pdf\" target=\"_blank\" rel=\"noopener\" target=\"_blank\" rel=\"noopener\">Implementation of the IPARD II Measure for Technical Assistance<\/a><\/li>\n<li><a href=\"http:\/\/euinfo.rs\/plac2\/wp-content\/uploads\/2017\/06\/Poljoprivreda-i-ruralni-razvoj.pdf\" target=\"_blank\" rel=\"noopener\" target=\"_blank\" rel=\"noopener\">Zajedni\u010dka poljoprivredna politika (CAP) i Zajedni\u010dka organizacija tr\u017ei\u0161ta u EU (CMO)<\/a><\/li>\n<\/ul>\n<h3>Chapter 12<\/h3>\n<ul class=\"list list0\">\n<li><a href=\"http:\/\/euinfo.rs\/plac2\/wp-content\/uploads\/2018\/10\/Poglavlje-12-Sigurnost-hrane-veterinarska-i-fitosanitarna-politika.pdf\" target=\"_blank\" target=\"_blank\">Poglavlje 12: Sigurnost hrane, veterinarska i fitosanitarna politika<\/a><\/li>\n<\/ul>\n<h3>Chapter 13<\/h3>\n<ul class=\"list list0\">\n<li><a href=\"http:\/\/euinfo.rs\/plac2\/wp-content\/uploads\/2016\/12\/Main-demands-for-prevention-and-control-of-IUU-fishery-activities-Intro.pdf\" target=\"_blank\" rel=\"noopener\" target=\"_blank\" rel=\"noopener\">Main demands for prevention and control of IUU fishery activities &#8211; Intro<\/a><\/li>\n<li><a href=\"http:\/\/euinfo.rs\/plac2\/wp-content\/uploads\/2016\/12\/Main-demands-for-prevention-and-control-of-IUU-fishery-activities-Systems-and-control.pdf\" target=\"_blank\" rel=\"noopener\" target=\"_blank\" rel=\"noopener\">Main demands for prevention and control of IUU fishery activities &#8211; Systems and control<\/a><\/li>\n<li><a href=\"http:\/\/euinfo.rs\/plac2\/wp-content\/uploads\/2018\/07\/Inspection-and-control-in-fisheries.pdf\" target=\"_blank\" rel=\"noopener\" target=\"_blank\" rel=\"noopener\">Inspection and control in fisheries<\/a><\/li>\n<\/ul>\n<h3>Chapter 24<\/h3>\n<ul class=\"list list0\">\n<li><a href=\"http:\/\/euinfo.rs\/plac2\/wp-content\/uploads\/2017\/11\/radionica-20171122-part1.pdf\" >Part I: Basic principles of the EU civil law and the jurisprudence of the Court of the European Union<\/a><\/li>\n<li><a href=\"http:\/\/euinfo.rs\/plac2\/wp-content\/uploads\/2017\/11\/radionica-20171122-part2-1.pdf\" >Part II: Court of the European Union<\/a><\/li>\n<li><a href=\"http:\/\/euinfo.rs\/plac2\/wp-content\/uploads\/2017\/11\/radionica-20171122-part2-2.pdf\" >Part II: Judicial cooperation in civil and commercial matters<\/a><\/li>\n<li><a href=\"http:\/\/euinfo.rs\/plac2\/wp-content\/uploads\/2017\/11\/radionica-20171122-part3.pdf\" >Part III: Regulation 1393\/2007 on the service in the Member States of judicial and extrajudicial documents in civil or commercial matters<\/a><\/li>\n<li><a href=\"http:\/\/euinfo.rs\/plac2\/wp-content\/uploads\/2017\/11\/radionica-20171122-part4.pdf\" >Part IV: Council Regulation 1206\/2001 on cooperation between the courts of the Member States in the taking of evidence in civil or commercial matters<\/a><\/li>\n<\/ul>\n<h3>Chapter 27<\/h3>\n<ul class=\"list list0\">\n<li><a href=\"http:\/\/euinfo.rs\/plac2\/wp-content\/uploads\/2017\/04\/EU-Environmental-Policy-and-the-Directives-in-the-area-of-environment.pdf\" target=\"_blank\" rel=\"noopener\" target=\"_blank\" rel=\"noopener\">EU Environmental Policy and the Directives in the area of environment<\/a><\/li>\n<li><a href=\"http:\/\/euinfo.rs\/plac2\/wp-content\/uploads\/2017\/06\/1-Direktiva-2010-63-EU-o-zastiti-zivotinja.pdf\" target=\"_blank\" rel=\"noopener\" target=\"_blank\" rel=\"noopener\">Direktiva 2010\/63\/EU o za\u0161titi \u017eivotinja koje se koriste u nau\u010dne svrhe<\/a><\/li>\n<li><a href=\"http:\/\/euinfo.rs\/plac2\/wp-content\/uploads\/2017\/06\/2-Retrospektivna-ocena-projekta.pdf\" target=\"_blank\" rel=\"noopener\" target=\"_blank\" rel=\"noopener\">Retrospektivna ocena projekta<\/a><\/li>\n<li><a href=\"http:\/\/euinfo.rs\/plac2\/wp-content\/uploads\/2017\/06\/3-Prezentacija-inspekcija.pdf\" target=\"_blank\" rel=\"noopener\" target=\"_blank\" rel=\"noopener\">Preporuke za izradu standardnih operativnih procedura za provo\u0111enje veterinarskih kontrola<\/a><\/li>\n<li><a href=\"http:\/\/euinfo.rs\/plac2\/wp-content\/uploads\/2017\/06\/4-Analiza-stete-i-koristi.pdf\" target=\"_blank\" rel=\"noopener\" target=\"_blank\" rel=\"noopener\">Analiza \u0161tete i koristi<\/a><\/li>\n<li><a href=\"http:\/\/euinfo.rs\/plac2\/wp-content\/uploads\/2018\/07\/Regulation-on-start-up-and-shut-down-periods-for-LCP.pdf\" target=\"_blank\" rel=\"noopener\" target=\"_blank\" rel=\"noopener\">Regulation on start-up and shut-down periods for LCP<\/a><\/li>\n<li><a href=\"http:\/\/euinfo.rs\/plac2\/wp-content\/uploads\/2018\/07\/Waste-thermal-treatments.pdf\" target=\"_blank\" rel=\"noopener\" target=\"_blank\" rel=\"noopener\">Waste thermal treatments<\/a><\/li>\n<li><a href=\"http:\/\/euinfo.rs\/plac2\/wp-content\/uploads\/2018\/07\/Nacrt-predloga-izmena-Zakona-o-integrisanom-spre\u010davanju-i-kontroli.pdf\" target=\"_blank\" rel=\"noopener\" target=\"_blank\" rel=\"noopener\">Nacrt predloga izmena Zakona o integrisanom spre\u010davanju i kontroli zaga\u0111ivanja \u017eivotne sredine<\/a><\/li>\n<li><a href=\"http:\/\/euinfo.rs\/plac2\/wp-content\/uploads\/2018\/07\/1.-Current-legislation-and-future-steps.pdf\" >Current legislation and future steps in transposition of the EU Directive 2010\/63\/EU on the protection of animals used for scientific purposes<\/a><\/li>\n<li><a href=\"http:\/\/euinfo.rs\/plac2\/wp-content\/uploads\/2018\/07\/2.-National-Competent-Authorities-for-the-implementation-of-Directive.pdf\" >National Competent Authorities for the implementation of Directive: Benefits of an effective inspection and enforcement program and Profile, skills and training of inspectors<\/a><\/li>\n<li><a href=\"http:\/\/euinfo.rs\/plac2\/wp-content\/uploads\/2018\/07\/3.-Designing-an-inspection-program.pdf\" >Designing an inspection program<\/a> <a href=\"http:\/\/euinfo.rs\/plac2\/wp-content\/uploads\/2018\/07\/4.-Planning-an-inspection-program.pdf\" >Planning an inspection program and inspection risk analysis criteria<\/a><\/li>\n<li><a href=\"http:\/\/euinfo.rs\/plac2\/wp-content\/uploads\/2018\/07\/5.-Conducting-an-inspection-program.pdf\" >Conducting an inspection program: reporting and factors to consider<\/a><\/li>\n<li><a href=\"http:\/\/euinfo.rs\/plac2\/wp-content\/uploads\/2018\/07\/1-SRR-HKC.pdf\" >Regulation (EU) No 1257\/2013 on ship recycling &amp; the Hong Kong International Convention for the Safe and Environmentally Sound Recycling of Ships<\/a><\/li>\n<li><a href=\"http:\/\/euinfo.rs\/plac2\/wp-content\/uploads\/2018\/07\/2-SRR-implementation-process.pdf\" >Ship recycling regulations \u2013 implementation process<\/a><\/li>\n<li><a href=\"http:\/\/euinfo.rs\/plac2\/wp-content\/uploads\/2018\/07\/3-SRR-in-Serbia.pdf\" >How to implement ship recycling regulations in Serbia?<\/a><\/li>\n<li><a href=\"http:\/\/euinfo.rs\/plac2\/wp-content\/uploads\/2018\/07\/4-Challenges-opportunities.pdf\" >Challenges, opportunities and the way forward<\/a><\/li>\n<\/ul>\n<h3>Chapter 28<\/h3>\n<ul class=\"list list0\">\n<li><a href=\"http:\/\/euinfo.rs\/plac2\/wp-content\/uploads\/2016\/12\/PPT_Products-of-general-use_Bojan_Vidovic_Workshop_210317.pdf\" target=\"_blank\" rel=\"noopener\" target=\"_blank\" rel=\"noopener\">Radionica &#8220;Transpozicija i implementacija propisa Evropske unije u podru\u010dju zdravstvene bezbednosti predmeta za op\u0161tu upotrebu&#8221;<\/a><\/li>\n<li><a href=\"http:\/\/euinfo.rs\/plac2\/wp-content\/uploads\/2017\/10\/chapter-28-consumer-and-health-protection1.pdf\" target=\"_blank\" rel=\"noopener\" target=\"_blank\" rel=\"noopener\">Chapter 28: Consumer and Health Protection<\/a><\/li>\n<\/ul>\n<p><\/p>","protected":false},"excerpt":{"rendered":"<p>PLAC II project presentation PLAC II Novosti No 1 PLAC II Novosti No 2 PLAC II Novosti No 3 Infographic July 2017 PLAC II Novosti No 4 PLAC II Novosti No 5 PLAC II Novosti No 6 PLAC II Novosti No 7 PLAC II Novosti No 8 Chapter 4 Implications of further liberalisation of capital [&hellip;]<\/p>\n","protected":false},"author":3,"featured_media":0,"parent":0,"menu_order":0,"comment_status":"closed","ping_status":"closed","template":"","meta":[],"tags":[],"_links":{"self":[{"href":"http:\/\/euinfo.rs\/plac2\/en\/wp-json\/wp\/v2\/pages\/8358"}],"collection":[{"href":"http:\/\/euinfo.rs\/plac2\/en\/wp-json\/wp\/v2\/pages"}],"about":[{"href":"http:\/\/euinfo.rs\/plac2\/en\/wp-json\/wp\/v2\/types\/page"}],"author":[{"embeddable":true,"href":"http:\/\/euinfo.rs\/plac2\/en\/wp-json\/wp\/v2\/users\/3"}],"replies":[{"embeddable":true,"href":"http:\/\/euinfo.rs\/plac2\/en\/wp-json\/wp\/v2\/comments?post=8358"}],"version-history":[{"count":0,"href":"http:\/\/euinfo.rs\/plac2\/en\/wp-json\/wp\/v2\/pages\/8358\/revisions"}],"wp:attachment":[{"href":"http:\/\/euinfo.rs\/plac2\/en\/wp-json\/wp\/v2\/media?parent=8358"}],"wp:term":[{"taxonomy":"post_tag","embeddable":true,"href":"http:\/\/euinfo.rs\/plac2\/en\/wp-json\/wp\/v2\/tags?post=8358"}],"curies":[{"name":"wp","href":"https:\/\/api.w.org\/{rel}","templated":true}]}}